{"id":550,"date":"2022-07-28T17:06:48","date_gmt":"2022-07-28T15:06:48","guid":{"rendered":"https:\/\/www.windowparis.fr\/intro\/news\/"},"modified":"2022-10-08T09:53:04","modified_gmt":"2022-10-08T07:53:04","slug":"news","status":"publish","type":"page","link":"https:\/\/www.windowparis.fr\/en\/intro\/news\/","title":{"rendered":"News"},"content":{"rendered":"\t\t<div data-elementor-type=\"wp-page\" data-elementor-id=\"550\" class=\"elementor elementor-550 elementor-53\" data-elementor-post-type=\"page\">\n\t\t\t\t\t\t<section class=\"elementor-section elementor-top-section elementor-element elementor-element-6cb1af94 elementor-section-full_width elementor-section-content-top elementor-section-height-default elementor-section-height-default\" data-id=\"6cb1af94\" data-element_type=\"section\" data-e-type=\"section\" id=\"main_content_wrapper\">\n\t\t\t\t\t\t<div class=\"elementor-container elementor-column-gap-default\">\n\t\t\t\t\t<div class=\"elementor-column elementor-col-100 elementor-top-column elementor-element elementor-element-184a450e\" data-id=\"184a450e\" data-element_type=\"column\" data-e-type=\"column\">\n\t\t\t<div class=\"elementor-widget-wrap elementor-element-populated\">\n\t\t\t\t\t\t<div class=\"elementor-element elementor-element-3201e07 elementor-widget elementor-widget-heading\" data-id=\"3201e07\" data-element_type=\"widget\" data-e-type=\"widget\" data-widget_type=\"heading.default\">\n\t\t\t\t<div class=\"elementor-widget-container\">\n\t\t\t\t\t<h1 class=\"elementor-heading-title elementor-size-default\">A whole lifestyle starting at your windows<\/h1>\t\t\t\t<\/div>\n\t\t\t\t<\/div>\n\t\t\t\t<div class=\"elementor-element elementor-element-2a33269 elementor-widget elementor-widget-text-editor\" data-id=\"2a33269\" data-element_type=\"widget\" data-e-type=\"widget\" data-widget_type=\"text-editor.default\">\n\t\t\t\t<div class=\"elementor-widget-container\">\n\t\t\t\t\t\t\t\t\t<p>Find below, the latest WINDOW news on the <a href=\"https:\/\/www.instagram.com\/window_paris\/\" target=\"_blank\" rel=\"noopener\">window_paris Instagram account<\/a><\/p>\n\t\t\t\t\t\t\t\t<\/div>\n\t\t\t\t<\/div>\n\t\t\t\t<div class=\"elementor-element elementor-element-711b713 elementor-widget elementor-widget-shortcode\" data-id=\"711b713\" data-element_type=\"widget\" data-e-type=\"widget\" data-widget_type=\"shortcode.default\">\n\t\t\t\t<div class=\"elementor-widget-container\">\n\t\t\t\t\t\t\t<div class=\"elementor-shortcode\"><div id=\"actualites\"><div class=\"solo_wrapper\"><div class=\"actu\"><div class=\"image\" style=\"background:#FFFFFF url(https:\/\/www.windowparis.fr\/wp-content\/uploads\/2022\/08\/IMG_8908.jpg) center center no-repeat;\"><\/div><div class=\"hover_content\"><h2>Est Ouest<\/h2><div class=\"texte\">\n<p>Rideau WINDOW en drap ancien dans la lumi\u00e8re des premiers rayons du jour\u2026 #sunrise #curtaindesign #upcycling<\/p>\n<\/div><\/div><\/div><\/div><div class=\"multi_wrapper\"><div class=\"actu\"><div class=\"image\" style=\"background:#FFFFFF url(https:\/\/www.windowparis.fr\/wp-content\/uploads\/2022\/08\/IMG_8869.jpg) center center no-repeat;\"><\/div><div class=\"hover_content\"><h2>Journal de pose<\/h2><div class=\"texte\">\n<p>On dirait une sculpture en alb\u00e2tre, c\u2019est un rideau WINDOW en drap ancien\u2026 #upcycling #curtaindesign #surmesure<\/p>\n<\/div><\/div><\/div><div class=\"actu\"><div class=\"image\" style=\"background:#FFFFFF url(https:\/\/www.windowparis.fr\/wp-content\/uploads\/2022\/08\/97B7D527-4C2A-41F2-BE6C-789A9B2B4274.jpg) center center no-repeat;\"><\/div><div class=\"hover_content\"><h2>Retour de chine<\/h2><div class=\"texte\">\n<p>D\u00e9tail d\u2019un drap ancien retaill\u00e9 en rideau WINDOW sur mesure\u2026 #zerodechet #sleepingbeauty #recyclage<\/p>\n<\/div><\/div><\/div><div class=\"actu\"><div class=\"image\" style=\"background:#FFFFFF url(https:\/\/www.windowparis.fr\/wp-content\/uploads\/2022\/08\/20580E9C-8D0B-4848-A9E1-4C4C528D2F2E.jpg) center center no-repeat;\"><\/div><div class=\"hover_content\"><h2>Journal de pose<\/h2><div class=\"texte\">\n<p>Habiller des fen\u00eatres et tous les murs autour pour estomper leurs ch\u00e2ssis trop pr\u00e9sents<\/p>\n\n<p>#homedecoration #surmesure #curtaindesign<\/p>\n<\/div><\/div><\/div><div class=\"actu\"><div class=\"image\" style=\"background:#FFFFFF url(https:\/\/www.windowparis.fr\/wp-content\/uploads\/2022\/08\/11350FF0-9BBD-4684-884B-6B39465AA4BC.jpg) center center no-repeat;\"><\/div><div class=\"hover_content\"><h2>Mati\u00e8res fran\u00e7aises<\/h2><div class=\"texte\">\n<p>Toile de coton \u00e0 larges rayures bord\u00e9es de surpiq\u00fbres \u00ab\u00a0sellier\u00a0\u00bb, tiss\u00e9e dans les Pyr\u00e9n\u00e9es<\/p>\n\n<p>#fabriqueenfrance #surmesure #naturalfabrics<\/p>\n<\/div><\/div><\/div><\/div><div class=\"multi_wrapper\"><div class=\"actu\"><div class=\"image\" style=\"background:#FFFFFF url(https:\/\/www.windowparis.fr\/wp-content\/uploads\/2022\/08\/4AE804D0-3E7C-4A62-BC5C-BF0214EC23C8.jpg) center center no-repeat;\"><\/div><div class=\"hover_content\"><h2>Belle hauteur<\/h2><div class=\"texte\">\n<p>Chaque projet de WINDOW est une r\u00e9alisation sur mesure\u2026 ici des fen\u00eatres de plus de 5 m\u00e8tres #homedecoration #fabriqueenfrance #bespoke<\/p>\n<\/div><\/div><\/div><div class=\"actu\"><div class=\"image\" style=\"background:#FFFFFF url(https:\/\/www.windowparis.fr\/wp-content\/uploads\/2022\/08\/62AECA50-01EB-4A05-8D62-423FC77C46D9.jpg) center center no-repeat;\"><\/div><div class=\"hover_content\"><h2>\u00a0Hisser les couleurs<\/h2><div class=\"texte\">\n<p>La rayure basque r\u00e9interpr\u00e9t\u00e9e en multicolore sur une armure twill par @artiga.france<\/p>\n\n<p>#fabriqueenfrance #surmesure #homedecoration<\/p>\n<\/div><\/div><\/div><div class=\"actu\"><div class=\"image\" style=\"background:#FFFFFF url(https:\/\/www.windowparis.fr\/wp-content\/uploads\/2022\/08\/IMG_8235.jpg) center center no-repeat;\"><\/div><div class=\"hover_content\"><h2>L\u2019envers vaut l\u2019endroit<\/h2><div class=\"texte\">\n<p>Les coutures et les ourlets de nos rideaux sont gans\u00e9s d\u2019un serg\u00e9 qui dessine des W\u2026 comme WINDOW #secretdatelier #fabriqueenfrance #naturalfabrics<\/p>\n<\/div><\/div><\/div><div class=\"actu\"><div class=\"image\" style=\"background:#FFFFFF url(https:\/\/www.windowparis.fr\/wp-content\/uploads\/2022\/08\/IMG_8233.jpg) center center no-repeat;\"><\/div><div class=\"hover_content\"><h2>Secret d\u2019atelier<\/h2><div class=\"texte\">\n<p>Les rideaux WINDOW sont mont\u00e9s avec un passe-tringle qui forme des plis g\u00e9n\u00e9reux<\/p>\n\n<p>#naturalfabrics #fabriqueenfrance #cousumain<\/p>\n<\/div><\/div><\/div><\/div><div class=\"solo_wrapper\"><div class=\"actu\"><div class=\"image\" style=\"background:#FFFFFF url(https:\/\/www.windowparis.fr\/wp-content\/uploads\/2022\/08\/IMG_9041.jpg) center center no-repeat;\"><\/div><div class=\"hover_content\"><h2>L&#8217;\u00e9t\u00e9 de Window<\/h2><div class=\"texte\">\n<p>Des fen\u00eatres photographi\u00e9es ici ou l\u00e0\u2026 #vacationroutine #windowarroundtheworld #onedayonewindow<\/p>\n<\/div><\/div><\/div><\/div><div class=\"pagination\"><\/div><\/div><\/div>\n\t\t\t\t\t\t<\/div>\n\t\t\t\t<\/div>\n\t\t\t\t\t<\/div>\n\t\t<\/div>\n\t\t\t\t\t<\/div>\n\t\t<\/section>\n\t\t\t\t<\/div>\n\t\t","protected":false},"excerpt":{"rendered":"<p>A whole lifestyle starting at your windows Find below, the latest WINDOW news on the window_paris Instagram account<\/p>\n","protected":false},"author":1,"featured_media":0,"parent":157,"menu_order":3,"comment_status":"closed","ping_status":"closed","template":"","meta":{"_acf_changed":false,"footnotes":""},"class_list":["post-550","page","type-page","status-publish","hentry"],"acf":[],"yoast_head":"<!-- This site is optimized with the Yoast SEO plugin v27.6 - https:\/\/yoast.com\/product\/yoast-seo-wordpress\/ -->\n<title>News - Window Paris<\/title>\n<meta name=\"description\" content=\"WINDOW is a brand of Made to Measure curtains, woven in France and crafted in the Vosges mountains, in linen, wool or cotton.\" \/>\n<meta name=\"robots\" content=\"index, follow, max-snippet:-1, max-image-preview:large, max-video-preview:-1\" \/>\n<link rel=\"canonical\" href=\"https:\/\/www.windowparis.fr\/intro\/des-actualites\/\" \/>\n<meta property=\"og:locale\" content=\"en_US\" \/>\n<meta property=\"og:type\" content=\"article\" \/>\n<meta property=\"og:title\" content=\"WINDOW, Made to Measure curtains\" \/>\n<meta property=\"og:description\" content=\"WINDOW is a brand of Made to Measure curtains, woven in France and crafted in the Vosges mountains, in linen, wool or cotton.\" \/>\n<meta property=\"og:url\" content=\"https:\/\/www.windowparis.fr\/intro\/des-actualites\/\" \/>\n<meta property=\"og:site_name\" content=\"Window Paris\" \/>\n<meta property=\"article:publisher\" content=\"https:\/\/www.facebook.com\/WINDOW-100892739154156\/\" \/>\n<meta property=\"article:modified_time\" content=\"2022-10-08T07:53:04+00:00\" \/>\n<meta property=\"og:image\" content=\"https:\/\/www.windowparis.fr\/wp-content\/uploads\/2022\/08\/IMG_8235.jpg\" \/>\n\t<meta property=\"og:image:width\" content=\"640\" \/>\n\t<meta property=\"og:image:height\" content=\"640\" \/>\n\t<meta property=\"og:image:type\" content=\"image\/jpeg\" \/>\n<meta name=\"twitter:card\" content=\"summary_large_image\" \/>\n<meta name=\"twitter:title\" content=\"WINDOW, Made to Measure curtains\" \/>\n<meta name=\"twitter:description\" content=\"WINDOW is a brand of Made to Measure curtains, woven in France and crafted in the Vosges mountains, in linen, wool or cotton.\" \/>\n<meta name=\"twitter:image\" content=\"https:\/\/www.windowparis.fr\/wp-content\/uploads\/2022\/08\/IMG_8235.jpg\" \/>\n<meta name=\"twitter:label1\" content=\"Est. reading time\" \/>\n\t<meta name=\"twitter:data1\" content=\"1 minute\" \/>\n<script type=\"application\/ld+json\" class=\"yoast-schema-graph\">{\"@context\":\"https:\\\/\\\/schema.org\",\"@graph\":[{\"@type\":\"WebPage\",\"@id\":\"https:\\\/\\\/www.windowparis.fr\\\/intro\\\/des-actualites\\\/\",\"url\":\"https:\\\/\\\/www.windowparis.fr\\\/intro\\\/des-actualites\\\/\",\"name\":\"News - Window Paris\",\"isPartOf\":{\"@id\":\"https:\\\/\\\/www.windowparis.fr\\\/#website\"},\"datePublished\":\"2022-07-28T15:06:48+00:00\",\"dateModified\":\"2022-10-08T07:53:04+00:00\",\"description\":\"WINDOW is a brand of Made to Measure curtains, woven in France and crafted in the Vosges mountains, in linen, wool or cotton.\",\"breadcrumb\":{\"@id\":\"https:\\\/\\\/www.windowparis.fr\\\/intro\\\/des-actualites\\\/#breadcrumb\"},\"inLanguage\":\"en-US\",\"potentialAction\":[{\"@type\":\"ReadAction\",\"target\":[\"https:\\\/\\\/www.windowparis.fr\\\/intro\\\/des-actualites\\\/\"]}]},{\"@type\":\"BreadcrumbList\",\"@id\":\"https:\\\/\\\/www.windowparis.fr\\\/intro\\\/des-actualites\\\/#breadcrumb\",\"itemListElement\":[{\"@type\":\"ListItem\",\"position\":1,\"name\":\"Accueil\",\"item\":\"https:\\\/\\\/www.windowparis.fr\\\/en\\\/\"},{\"@type\":\"ListItem\",\"position\":2,\"name\":\"Intro\",\"item\":\"https:\\\/\\\/www.windowparis.fr\\\/intro\\\/\"},{\"@type\":\"ListItem\",\"position\":3,\"name\":\"News\"}]},{\"@type\":\"WebSite\",\"@id\":\"https:\\\/\\\/www.windowparis.fr\\\/#website\",\"url\":\"https:\\\/\\\/www.windowparis.fr\\\/\",\"name\":\"Window Paris\",\"description\":\"Des rideaux sur mesure fabriqu\u00e9s en France\",\"publisher\":{\"@id\":\"https:\\\/\\\/www.windowparis.fr\\\/#organization\"},\"potentialAction\":[{\"@type\":\"SearchAction\",\"target\":{\"@type\":\"EntryPoint\",\"urlTemplate\":\"https:\\\/\\\/www.windowparis.fr\\\/?s={search_term_string}\"},\"query-input\":{\"@type\":\"PropertyValueSpecification\",\"valueRequired\":true,\"valueName\":\"search_term_string\"}}],\"inLanguage\":\"en-US\"},{\"@type\":\"Organization\",\"@id\":\"https:\\\/\\\/www.windowparis.fr\\\/#organization\",\"name\":\"Window Paris\",\"url\":\"https:\\\/\\\/www.windowparis.fr\\\/\",\"logo\":{\"@type\":\"ImageObject\",\"inLanguage\":\"en-US\",\"@id\":\"https:\\\/\\\/www.windowparis.fr\\\/#\\\/schema\\\/logo\\\/image\\\/\",\"url\":\"https:\\\/\\\/www.windowparis.fr\\\/wp-content\\\/uploads\\\/2022\\\/07\\\/logo.svg\",\"contentUrl\":\"https:\\\/\\\/www.windowparis.fr\\\/wp-content\\\/uploads\\\/2022\\\/07\\\/logo.svg\",\"width\":322,\"height\":71,\"caption\":\"Window Paris\"},\"image\":{\"@id\":\"https:\\\/\\\/www.windowparis.fr\\\/#\\\/schema\\\/logo\\\/image\\\/\"},\"sameAs\":[\"https:\\\/\\\/www.facebook.com\\\/WINDOW-100892739154156\\\/\"]}]}<\/script>\n<!-- \/ Yoast SEO plugin. -->","yoast_head_json":{"title":"News - Window Paris","description":"WINDOW is a brand of Made to Measure curtains, woven in France and crafted in the Vosges mountains, in linen, wool or cotton.","robots":{"index":"index","follow":"follow","max-snippet":"max-snippet:-1","max-image-preview":"max-image-preview:large","max-video-preview":"max-video-preview:-1"},"canonical":"https:\/\/www.windowparis.fr\/intro\/des-actualites\/","og_locale":"en_US","og_type":"article","og_title":"WINDOW, Made to Measure curtains","og_description":"WINDOW is a brand of Made to Measure curtains, woven in France and crafted in the Vosges mountains, in linen, wool or cotton.","og_url":"https:\/\/www.windowparis.fr\/intro\/des-actualites\/","og_site_name":"Window Paris","article_publisher":"https:\/\/www.facebook.com\/WINDOW-100892739154156\/","article_modified_time":"2022-10-08T07:53:04+00:00","og_image":[{"width":640,"height":640,"url":"https:\/\/www.windowparis.fr\/wp-content\/uploads\/2022\/08\/IMG_8235.jpg","type":"image\/jpeg"}],"twitter_card":"summary_large_image","twitter_title":"WINDOW, Made to Measure curtains","twitter_description":"WINDOW is a brand of Made to Measure curtains, woven in France and crafted in the Vosges mountains, in linen, wool or cotton.","twitter_image":"https:\/\/www.windowparis.fr\/wp-content\/uploads\/2022\/08\/IMG_8235.jpg","twitter_misc":{"Est. reading time":"1 minute"},"schema":{"@context":"https:\/\/schema.org","@graph":[{"@type":"WebPage","@id":"https:\/\/www.windowparis.fr\/intro\/des-actualites\/","url":"https:\/\/www.windowparis.fr\/intro\/des-actualites\/","name":"News - Window Paris","isPartOf":{"@id":"https:\/\/www.windowparis.fr\/#website"},"datePublished":"2022-07-28T15:06:48+00:00","dateModified":"2022-10-08T07:53:04+00:00","description":"WINDOW is a brand of Made to Measure curtains, woven in France and crafted in the Vosges mountains, in linen, wool or cotton.","breadcrumb":{"@id":"https:\/\/www.windowparis.fr\/intro\/des-actualites\/#breadcrumb"},"inLanguage":"en-US","potentialAction":[{"@type":"ReadAction","target":["https:\/\/www.windowparis.fr\/intro\/des-actualites\/"]}]},{"@type":"BreadcrumbList","@id":"https:\/\/www.windowparis.fr\/intro\/des-actualites\/#breadcrumb","itemListElement":[{"@type":"ListItem","position":1,"name":"Accueil","item":"https:\/\/www.windowparis.fr\/en\/"},{"@type":"ListItem","position":2,"name":"Intro","item":"https:\/\/www.windowparis.fr\/intro\/"},{"@type":"ListItem","position":3,"name":"News"}]},{"@type":"WebSite","@id":"https:\/\/www.windowparis.fr\/#website","url":"https:\/\/www.windowparis.fr\/","name":"Window Paris","description":"Des rideaux sur mesure fabriqu\u00e9s en France","publisher":{"@id":"https:\/\/www.windowparis.fr\/#organization"},"potentialAction":[{"@type":"SearchAction","target":{"@type":"EntryPoint","urlTemplate":"https:\/\/www.windowparis.fr\/?s={search_term_string}"},"query-input":{"@type":"PropertyValueSpecification","valueRequired":true,"valueName":"search_term_string"}}],"inLanguage":"en-US"},{"@type":"Organization","@id":"https:\/\/www.windowparis.fr\/#organization","name":"Window Paris","url":"https:\/\/www.windowparis.fr\/","logo":{"@type":"ImageObject","inLanguage":"en-US","@id":"https:\/\/www.windowparis.fr\/#\/schema\/logo\/image\/","url":"https:\/\/www.windowparis.fr\/wp-content\/uploads\/2022\/07\/logo.svg","contentUrl":"https:\/\/www.windowparis.fr\/wp-content\/uploads\/2022\/07\/logo.svg","width":322,"height":71,"caption":"Window Paris"},"image":{"@id":"https:\/\/www.windowparis.fr\/#\/schema\/logo\/image\/"},"sameAs":["https:\/\/www.facebook.com\/WINDOW-100892739154156\/"]}]}},"_links":{"self":[{"href":"https:\/\/www.windowparis.fr\/en\/wp-json\/wp\/v2\/pages\/550","targetHints":{"allow":["GET"]}}],"collection":[{"href":"https:\/\/www.windowparis.fr\/en\/wp-json\/wp\/v2\/pages"}],"about":[{"href":"https:\/\/www.windowparis.fr\/en\/wp-json\/wp\/v2\/types\/page"}],"author":[{"embeddable":true,"href":"https:\/\/www.windowparis.fr\/en\/wp-json\/wp\/v2\/users\/1"}],"replies":[{"embeddable":true,"href":"https:\/\/www.windowparis.fr\/en\/wp-json\/wp\/v2\/comments?post=550"}],"version-history":[{"count":17,"href":"https:\/\/www.windowparis.fr\/en\/wp-json\/wp\/v2\/pages\/550\/revisions"}],"predecessor-version":[{"id":2333,"href":"https:\/\/www.windowparis.fr\/en\/wp-json\/wp\/v2\/pages\/550\/revisions\/2333"}],"up":[{"embeddable":true,"href":"https:\/\/www.windowparis.fr\/en\/wp-json\/wp\/v2\/pages\/157"}],"wp:attachment":[{"href":"https:\/\/www.windowparis.fr\/en\/wp-json\/wp\/v2\/media?parent=550"}],"curies":[{"name":"wp","href":"https:\/\/api.w.org\/{rel}","templated":true}]}}