{"id":435,"date":"2022-07-28T17:13:55","date_gmt":"2022-07-28T15:13:55","guid":{"rendered":"https:\/\/www.windowparis.fr\/contact\/"},"modified":"2022-10-08T11:08:09","modified_gmt":"2022-10-08T09:08:09","slug":"contact","status":"publish","type":"page","link":"https:\/\/www.windowparis.fr\/en\/contact\/","title":{"rendered":"Contact"},"content":{"rendered":"\t\t<div data-elementor-type=\"wp-page\" data-elementor-id=\"435\" class=\"elementor elementor-435 elementor-73\" data-elementor-post-type=\"page\">\n\t\t\t\t\t\t<section class=\"elementor-section elementor-top-section elementor-element elementor-element-039bd79 elementor-section-full_width elementor-section-items-top section_contact elementor-section-content-top elementor-section-height-min-height elementor-section-height-default\" data-id=\"039bd79\" data-element_type=\"section\" data-e-type=\"section\" id=\"main_content_wrapper\">\n\t\t\t\t\t\t<div class=\"elementor-container elementor-column-gap-default\">\n\t\t\t\t\t<div class=\"elementor-column elementor-col-33 elementor-top-column elementor-element elementor-element-b456dad\" data-id=\"b456dad\" data-element_type=\"column\" data-e-type=\"column\" id=\"adresse\">\n\t\t\t<div class=\"elementor-widget-wrap elementor-element-populated\">\n\t\t\t\t\t\t<section class=\"elementor-section elementor-inner-section elementor-element elementor-element-931bf87 elementor-section-boxed elementor-section-height-default elementor-section-height-default\" data-id=\"931bf87\" data-element_type=\"section\" data-e-type=\"section\">\n\t\t\t\t\t\t<div class=\"elementor-container elementor-column-gap-no\">\n\t\t\t\t\t<div class=\"elementor-column elementor-col-50 elementor-inner-column elementor-element elementor-element-eb8e501 elementor-hidden-tablet\" data-id=\"eb8e501\" data-element_type=\"column\" data-e-type=\"column\">\n\t\t\t<div class=\"elementor-widget-wrap\">\n\t\t\t\t\t\t\t<\/div>\n\t\t<\/div>\n\t\t\t\t<div class=\"elementor-column elementor-col-50 elementor-inner-column elementor-element elementor-element-6add48b\" data-id=\"6add48b\" data-element_type=\"column\" data-e-type=\"column\">\n\t\t\t<div class=\"elementor-widget-wrap elementor-element-populated\">\n\t\t\t\t\t\t<div class=\"elementor-element elementor-element-009bd54 elementor-widget elementor-widget-heading\" data-id=\"009bd54\" data-element_type=\"widget\" data-e-type=\"widget\" data-widget_type=\"heading.default\">\n\t\t\t\t<div class=\"elementor-widget-container\">\n\t\t\t\t\t<h1 class=\"elementor-heading-title elementor-size-default\">Contact<\/h1>\t\t\t\t<\/div>\n\t\t\t\t<\/div>\n\t\t\t\t<div class=\"elementor-element elementor-element-5ddc1ec adresse elementor-widget elementor-widget-text-editor\" data-id=\"5ddc1ec\" data-element_type=\"widget\" data-e-type=\"widget\" data-widget_type=\"text-editor.default\">\n\t\t\t\t<div class=\"elementor-widget-container\">\n\t\t\t\t\t\t\t\t\t<p>WINDOW<br \/>30 rue de Bellefond<br \/>75 009 Paris<\/p>\n<p><a href=\"mailto:info@windowparis.fr\" target=\"_blank\" rel=\"noopener\">info@windowparis.fr<\/a><\/p>\n<p><a href=\"tel:+33149950074\">+33 (0)1 49 95 00 74<\/a><\/p>\n\t\t\t\t\t\t\t\t<\/div>\n\t\t\t\t<\/div>\n\t\t\t\t\t<\/div>\n\t\t<\/div>\n\t\t\t\t\t<\/div>\n\t\t<\/section>\n\t\t\t\t\t<\/div>\n\t\t<\/div>\n\t\t\t\t<div class=\"elementor-column elementor-col-33 elementor-top-column elementor-element elementor-element-7ccaca3\" data-id=\"7ccaca3\" data-element_type=\"column\" data-e-type=\"column\" id=\"photo\">\n\t\t\t<div class=\"elementor-widget-wrap elementor-element-populated\">\n\t\t\t\t\t\t<div class=\"elementor-element elementor-element-1d7b2a9 elementor-widget elementor-widget-image\" data-id=\"1d7b2a9\" data-element_type=\"widget\" data-e-type=\"widget\" data-widget_type=\"image.default\">\n\t\t\t\t<div class=\"elementor-widget-container\">\n\t\t\t\t\t\t\t\t\t\t\t\t\t\t\t<img fetchpriority=\"high\" decoding=\"async\" width=\"563\" height=\"392\" src=\"https:\/\/www.windowparis.fr\/wp-content\/uploads\/2022\/08\/contact.jpg\" class=\"attachment-full size-full wp-image-392\" alt=\"Made to Measure WINDOW curtains rue de Bellefond in Paris\" srcset=\"https:\/\/www.windowparis.fr\/wp-content\/uploads\/2022\/08\/contact.jpg 563w, https:\/\/www.windowparis.fr\/wp-content\/uploads\/2022\/08\/contact-300x209.jpg 300w, https:\/\/www.windowparis.fr\/wp-content\/uploads\/2022\/08\/contact-24x17.jpg 24w, https:\/\/www.windowparis.fr\/wp-content\/uploads\/2022\/08\/contact-36x25.jpg 36w, https:\/\/www.windowparis.fr\/wp-content\/uploads\/2022\/08\/contact-48x33.jpg 48w\" sizes=\"(max-width: 563px) 100vw, 563px\" \/>\t\t\t\t\t\t\t\t\t\t\t\t\t\t\t<\/div>\n\t\t\t\t<\/div>\n\t\t\t\t\t<\/div>\n\t\t<\/div>\n\t\t\t\t<div class=\"elementor-column elementor-col-33 elementor-top-column elementor-element elementor-element-3f47c34\" data-id=\"3f47c34\" data-element_type=\"column\" data-e-type=\"column\" id=\"contact\">\n\t\t\t<div class=\"elementor-widget-wrap elementor-element-populated\">\n\t\t\t\t\t\t<div class=\"elementor-element elementor-element-79ac573 premium-cf7-button-fwidth-yes elementor-widget elementor-widget-premium-contact-form\" data-id=\"79ac573\" data-element_type=\"widget\" data-e-type=\"widget\" data-widget_type=\"premium-contact-form.default\">\n\t\t\t\t<div class=\"elementor-widget-container\">\n\t\t\t\t\t\n\t\t\t\n\t\t\t<div class=\"premium-cf7-container\" data-settings=\"{&quot;fields_glass&quot;:&quot;none&quot;,&quot;submit_glass&quot;:&quot;none&quot;}\">\n\t\t\t\t\n<div class=\"wpcf7 no-js\" id=\"wpcf7-f383-o1\" lang=\"fr-FR\" dir=\"ltr\" data-wpcf7-id=\"383\">\n<div class=\"screen-reader-response\"><p role=\"status\" aria-live=\"polite\" aria-atomic=\"true\"><\/p> <ul><\/ul><\/div>\n<form action=\"\/en\/wp-json\/wp\/v2\/pages\/435#wpcf7-f383-o1\" method=\"post\" class=\"wpcf7-form init\" aria-label=\"Formulaire de contact\" novalidate=\"novalidate\" data-status=\"init\">\n<fieldset class=\"hidden-fields-container\"><input type=\"hidden\" name=\"_wpcf7\" value=\"383\" \/><input type=\"hidden\" name=\"_wpcf7_version\" value=\"6.1.5\" \/><input type=\"hidden\" name=\"_wpcf7_locale\" value=\"fr_FR\" \/><input type=\"hidden\" name=\"_wpcf7_unit_tag\" value=\"wpcf7-f383-o1\" \/><input type=\"hidden\" name=\"_wpcf7_container_post\" value=\"0\" \/><input type=\"hidden\" name=\"_wpcf7_posted_data_hash\" value=\"\" \/><input type=\"hidden\" name=\"_wpcf7_recaptcha_response\" value=\"\" \/>\n<\/fieldset>\n<p><label> Nom <span class=\"required\">(obligatoire)<\/span><br \/>\n<span class=\"wpcf7-form-control-wrap\" data-name=\"your-name\"><input size=\"40\" maxlength=\"400\" class=\"wpcf7-form-control wpcf7-text wpcf7-validates-as-required\" aria-required=\"true\" aria-invalid=\"false\" value=\"\" type=\"text\" name=\"your-name\" \/><\/span> <\/label>\n<\/p>\n<p><label> Pr\u00e9nom <span class=\"required\">(obligatoire)<\/span><br \/>\n<span class=\"wpcf7-form-control-wrap\" data-name=\"your-surname\"><input size=\"40\" maxlength=\"400\" class=\"wpcf7-form-control wpcf7-text wpcf7-validates-as-required\" aria-required=\"true\" aria-invalid=\"false\" value=\"\" type=\"text\" name=\"your-surname\" \/><\/span> <\/label>\n<\/p>\n<p><label> E-mail <span class=\"required\">(obligatoire)<\/span><br \/>\n<span class=\"wpcf7-form-control-wrap\" data-name=\"your-email\"><input size=\"40\" maxlength=\"400\" class=\"wpcf7-form-control wpcf7-email wpcf7-validates-as-required wpcf7-text wpcf7-validates-as-email\" aria-required=\"true\" aria-invalid=\"false\" value=\"\" type=\"email\" name=\"your-email\" \/><\/span> <\/label>\n<\/p>\n<p><label> T\u00e9l\u00e9phone<br \/>\n<span class=\"wpcf7-form-control-wrap\" data-name=\"telephone\"><input size=\"40\" maxlength=\"400\" class=\"wpcf7-form-control wpcf7-text wpcf7-validates-as-required\" aria-required=\"true\" aria-invalid=\"false\" value=\"\" type=\"text\" name=\"telephone\" \/><\/span> <\/label>\n<\/p>\n<div class=\"demande\">\n\t<p><label> Votre demande<br \/>\n<span class=\"wpcf7-form-control-wrap\" data-name=\"your-message\"><textarea cols=\"40\" rows=\"10\" maxlength=\"2000\" class=\"wpcf7-form-control wpcf7-textarea\" aria-invalid=\"false\" name=\"your-message\"><\/textarea><\/span> <\/label>\n\t<\/p>\n<\/div>\n<p><input class=\"wpcf7-form-control wpcf7-submit has-spinner\" type=\"submit\" value=\"Envoyer\" \/>\n<\/p><div class=\"wpcf7-response-output\" aria-hidden=\"true\"><\/div>\n<\/form>\n<\/div>\n\t\t\t<\/div>\n\n\t\t\t\t\t\t\t<\/div>\n\t\t\t\t<\/div>\n\t\t\t\t\t<\/div>\n\t\t<\/div>\n\t\t\t\t\t<\/div>\n\t\t<\/section>\n\t\t\t\t<\/div>\n\t\t","protected":false},"excerpt":{"rendered":"<p>Contact WINDOW 30 rue de Bellefond 75 009 Paris info@windowparis.fr +33 (0)1 49 95 00 74 Nom (obligatoire) Pr\u00e9nom (obligatoire) E-mail (obligatoire) T\u00e9l\u00e9phone Votre demande<\/p>\n","protected":false},"author":1,"featured_media":3419,"parent":0,"menu_order":7,"comment_status":"closed","ping_status":"closed","template":"","meta":{"_acf_changed":false,"footnotes":""},"class_list":["post-435","page","type-page","status-publish","has-post-thumbnail","hentry"],"acf":[],"yoast_head":"<!-- This site is optimized with the Yoast SEO plugin v27.6 - https:\/\/yoast.com\/product\/yoast-seo-wordpress\/ -->\n<title>Contact - Window Paris<\/title>\n<meta name=\"description\" content=\"WINDOW, Made to Measure curtains. Address: 30 rue de Bellefond, 75009 Paris, info@windowparis.fr T\u00e9l: +33(0)149950074\" \/>\n<meta name=\"robots\" content=\"index, follow, max-snippet:-1, max-image-preview:large, max-video-preview:-1\" \/>\n<link rel=\"canonical\" href=\"https:\/\/www.windowparis.fr\/en\/contact\/\" \/>\n<meta property=\"og:locale\" content=\"en_US\" \/>\n<meta property=\"og:type\" content=\"article\" \/>\n<meta property=\"og:title\" content=\"WINDOW, Made to Measure curtains\" \/>\n<meta property=\"og:description\" content=\"WINDOW, Made to Measure curtains. Address: 30 rue de Bellefond, 75009 Paris, info@windowparis.fr T\u00e9l: +33(0)149950074\" \/>\n<meta property=\"og:url\" content=\"https:\/\/www.windowparis.fr\/en\/contact\/\" \/>\n<meta property=\"og:site_name\" content=\"Window Paris\" \/>\n<meta property=\"article:publisher\" content=\"https:\/\/www.facebook.com\/WINDOW-100892739154156\/\" \/>\n<meta property=\"article:modified_time\" content=\"2022-10-08T09:08:09+00:00\" \/>\n<meta property=\"og:image\" content=\"https:\/\/www.windowparis.fr\/wp-content\/uploads\/2022\/08\/contact.jpg\" \/>\n\t<meta property=\"og:image:width\" content=\"563\" \/>\n\t<meta property=\"og:image:height\" content=\"392\" \/>\n\t<meta property=\"og:image:type\" content=\"image\/jpeg\" \/>\n<meta name=\"twitter:card\" content=\"summary_large_image\" \/>\n<meta name=\"twitter:title\" content=\"WINDOW, Made to Measure curtains\" \/>\n<meta name=\"twitter:description\" content=\"WINDOW, Made to Measure curtains. Address: 30 rue de Bellefond, 75009 Paris, info@windowparis.fr T\u00e9l: +33(0)149950074\" \/>\n<meta name=\"twitter:image\" content=\"https:\/\/www.windowparis.fr\/wp-content\/uploads\/2022\/08\/contact.jpg\" \/>\n<meta name=\"twitter:label1\" content=\"Est. reading time\" \/>\n\t<meta name=\"twitter:data1\" content=\"1 minute\" \/>\n<script type=\"application\/ld+json\" class=\"yoast-schema-graph\">{\"@context\":\"https:\\\/\\\/schema.org\",\"@graph\":[{\"@type\":\"WebPage\",\"@id\":\"https:\\\/\\\/www.windowparis.fr\\\/en\\\/contact\\\/\",\"url\":\"https:\\\/\\\/www.windowparis.fr\\\/en\\\/contact\\\/\",\"name\":\"Contact - Window Paris\",\"isPartOf\":{\"@id\":\"https:\\\/\\\/www.windowparis.fr\\\/#website\"},\"primaryImageOfPage\":{\"@id\":\"https:\\\/\\\/www.windowparis.fr\\\/en\\\/contact\\\/#primaryimage\"},\"image\":{\"@id\":\"https:\\\/\\\/www.windowparis.fr\\\/en\\\/contact\\\/#primaryimage\"},\"thumbnailUrl\":\"https:\\\/\\\/www.windowparis.fr\\\/wp-content\\\/uploads\\\/2024\\\/04\\\/9861E859-8EAE-4E1D-8AC8-1A9D63A239E7.jpg\",\"datePublished\":\"2022-07-28T15:13:55+00:00\",\"dateModified\":\"2022-10-08T09:08:09+00:00\",\"description\":\"WINDOW, Made to Measure curtains. Address: 30 rue de Bellefond, 75009 Paris, info@windowparis.fr T\u00e9l: +33(0)149950074\",\"breadcrumb\":{\"@id\":\"https:\\\/\\\/www.windowparis.fr\\\/en\\\/contact\\\/#breadcrumb\"},\"inLanguage\":\"en-US\",\"potentialAction\":[{\"@type\":\"ReadAction\",\"target\":[\"https:\\\/\\\/www.windowparis.fr\\\/en\\\/contact\\\/\"]}]},{\"@type\":\"ImageObject\",\"inLanguage\":\"en-US\",\"@id\":\"https:\\\/\\\/www.windowparis.fr\\\/en\\\/contact\\\/#primaryimage\",\"url\":\"https:\\\/\\\/www.windowparis.fr\\\/wp-content\\\/uploads\\\/2024\\\/04\\\/9861E859-8EAE-4E1D-8AC8-1A9D63A239E7.jpg\",\"contentUrl\":\"https:\\\/\\\/www.windowparis.fr\\\/wp-content\\\/uploads\\\/2024\\\/04\\\/9861E859-8EAE-4E1D-8AC8-1A9D63A239E7.jpg\",\"width\":320,\"height\":320,\"caption\":\"Nouveau Showroom WINDOW au 19 avenu Trudaine \u00e0 Paris\"},{\"@type\":\"BreadcrumbList\",\"@id\":\"https:\\\/\\\/www.windowparis.fr\\\/en\\\/contact\\\/#breadcrumb\",\"itemListElement\":[{\"@type\":\"ListItem\",\"position\":1,\"name\":\"Accueil\",\"item\":\"https:\\\/\\\/www.windowparis.fr\\\/en\\\/\"},{\"@type\":\"ListItem\",\"position\":2,\"name\":\"Contact\"}]},{\"@type\":\"WebSite\",\"@id\":\"https:\\\/\\\/www.windowparis.fr\\\/#website\",\"url\":\"https:\\\/\\\/www.windowparis.fr\\\/\",\"name\":\"Window Paris\",\"description\":\"Des rideaux sur mesure fabriqu\u00e9s en France\",\"publisher\":{\"@id\":\"https:\\\/\\\/www.windowparis.fr\\\/#organization\"},\"potentialAction\":[{\"@type\":\"SearchAction\",\"target\":{\"@type\":\"EntryPoint\",\"urlTemplate\":\"https:\\\/\\\/www.windowparis.fr\\\/?s={search_term_string}\"},\"query-input\":{\"@type\":\"PropertyValueSpecification\",\"valueRequired\":true,\"valueName\":\"search_term_string\"}}],\"inLanguage\":\"en-US\"},{\"@type\":\"Organization\",\"@id\":\"https:\\\/\\\/www.windowparis.fr\\\/#organization\",\"name\":\"Window Paris\",\"url\":\"https:\\\/\\\/www.windowparis.fr\\\/\",\"logo\":{\"@type\":\"ImageObject\",\"inLanguage\":\"en-US\",\"@id\":\"https:\\\/\\\/www.windowparis.fr\\\/#\\\/schema\\\/logo\\\/image\\\/\",\"url\":\"https:\\\/\\\/www.windowparis.fr\\\/wp-content\\\/uploads\\\/2022\\\/07\\\/logo.svg\",\"contentUrl\":\"https:\\\/\\\/www.windowparis.fr\\\/wp-content\\\/uploads\\\/2022\\\/07\\\/logo.svg\",\"width\":322,\"height\":71,\"caption\":\"Window Paris\"},\"image\":{\"@id\":\"https:\\\/\\\/www.windowparis.fr\\\/#\\\/schema\\\/logo\\\/image\\\/\"},\"sameAs\":[\"https:\\\/\\\/www.facebook.com\\\/WINDOW-100892739154156\\\/\"]}]}<\/script>\n<!-- \/ Yoast SEO plugin. -->","yoast_head_json":{"title":"Contact - Window Paris","description":"WINDOW, Made to Measure curtains. Address: 30 rue de Bellefond, 75009 Paris, info@windowparis.fr T\u00e9l: +33(0)149950074","robots":{"index":"index","follow":"follow","max-snippet":"max-snippet:-1","max-image-preview":"max-image-preview:large","max-video-preview":"max-video-preview:-1"},"canonical":"https:\/\/www.windowparis.fr\/en\/contact\/","og_locale":"en_US","og_type":"article","og_title":"WINDOW, Made to Measure curtains","og_description":"WINDOW, Made to Measure curtains. Address: 30 rue de Bellefond, 75009 Paris, info@windowparis.fr T\u00e9l: +33(0)149950074","og_url":"https:\/\/www.windowparis.fr\/en\/contact\/","og_site_name":"Window Paris","article_publisher":"https:\/\/www.facebook.com\/WINDOW-100892739154156\/","article_modified_time":"2022-10-08T09:08:09+00:00","og_image":[{"width":563,"height":392,"url":"https:\/\/www.windowparis.fr\/wp-content\/uploads\/2022\/08\/contact.jpg","type":"image\/jpeg"}],"twitter_card":"summary_large_image","twitter_title":"WINDOW, Made to Measure curtains","twitter_description":"WINDOW, Made to Measure curtains. Address: 30 rue de Bellefond, 75009 Paris, info@windowparis.fr T\u00e9l: +33(0)149950074","twitter_image":"https:\/\/www.windowparis.fr\/wp-content\/uploads\/2022\/08\/contact.jpg","twitter_misc":{"Est. reading time":"1 minute"},"schema":{"@context":"https:\/\/schema.org","@graph":[{"@type":"WebPage","@id":"https:\/\/www.windowparis.fr\/en\/contact\/","url":"https:\/\/www.windowparis.fr\/en\/contact\/","name":"Contact - Window Paris","isPartOf":{"@id":"https:\/\/www.windowparis.fr\/#website"},"primaryImageOfPage":{"@id":"https:\/\/www.windowparis.fr\/en\/contact\/#primaryimage"},"image":{"@id":"https:\/\/www.windowparis.fr\/en\/contact\/#primaryimage"},"thumbnailUrl":"https:\/\/www.windowparis.fr\/wp-content\/uploads\/2024\/04\/9861E859-8EAE-4E1D-8AC8-1A9D63A239E7.jpg","datePublished":"2022-07-28T15:13:55+00:00","dateModified":"2022-10-08T09:08:09+00:00","description":"WINDOW, Made to Measure curtains. Address: 30 rue de Bellefond, 75009 Paris, info@windowparis.fr T\u00e9l: +33(0)149950074","breadcrumb":{"@id":"https:\/\/www.windowparis.fr\/en\/contact\/#breadcrumb"},"inLanguage":"en-US","potentialAction":[{"@type":"ReadAction","target":["https:\/\/www.windowparis.fr\/en\/contact\/"]}]},{"@type":"ImageObject","inLanguage":"en-US","@id":"https:\/\/www.windowparis.fr\/en\/contact\/#primaryimage","url":"https:\/\/www.windowparis.fr\/wp-content\/uploads\/2024\/04\/9861E859-8EAE-4E1D-8AC8-1A9D63A239E7.jpg","contentUrl":"https:\/\/www.windowparis.fr\/wp-content\/uploads\/2024\/04\/9861E859-8EAE-4E1D-8AC8-1A9D63A239E7.jpg","width":320,"height":320,"caption":"Nouveau Showroom WINDOW au 19 avenu Trudaine \u00e0 Paris"},{"@type":"BreadcrumbList","@id":"https:\/\/www.windowparis.fr\/en\/contact\/#breadcrumb","itemListElement":[{"@type":"ListItem","position":1,"name":"Accueil","item":"https:\/\/www.windowparis.fr\/en\/"},{"@type":"ListItem","position":2,"name":"Contact"}]},{"@type":"WebSite","@id":"https:\/\/www.windowparis.fr\/#website","url":"https:\/\/www.windowparis.fr\/","name":"Window Paris","description":"Des rideaux sur mesure fabriqu\u00e9s en France","publisher":{"@id":"https:\/\/www.windowparis.fr\/#organization"},"potentialAction":[{"@type":"SearchAction","target":{"@type":"EntryPoint","urlTemplate":"https:\/\/www.windowparis.fr\/?s={search_term_string}"},"query-input":{"@type":"PropertyValueSpecification","valueRequired":true,"valueName":"search_term_string"}}],"inLanguage":"en-US"},{"@type":"Organization","@id":"https:\/\/www.windowparis.fr\/#organization","name":"Window Paris","url":"https:\/\/www.windowparis.fr\/","logo":{"@type":"ImageObject","inLanguage":"en-US","@id":"https:\/\/www.windowparis.fr\/#\/schema\/logo\/image\/","url":"https:\/\/www.windowparis.fr\/wp-content\/uploads\/2022\/07\/logo.svg","contentUrl":"https:\/\/www.windowparis.fr\/wp-content\/uploads\/2022\/07\/logo.svg","width":322,"height":71,"caption":"Window Paris"},"image":{"@id":"https:\/\/www.windowparis.fr\/#\/schema\/logo\/image\/"},"sameAs":["https:\/\/www.facebook.com\/WINDOW-100892739154156\/"]}]}},"_links":{"self":[{"href":"https:\/\/www.windowparis.fr\/en\/wp-json\/wp\/v2\/pages\/435","targetHints":{"allow":["GET"]}}],"collection":[{"href":"https:\/\/www.windowparis.fr\/en\/wp-json\/wp\/v2\/pages"}],"about":[{"href":"https:\/\/www.windowparis.fr\/en\/wp-json\/wp\/v2\/types\/page"}],"author":[{"embeddable":true,"href":"https:\/\/www.windowparis.fr\/en\/wp-json\/wp\/v2\/users\/1"}],"replies":[{"embeddable":true,"href":"https:\/\/www.windowparis.fr\/en\/wp-json\/wp\/v2\/comments?post=435"}],"version-history":[{"count":14,"href":"https:\/\/www.windowparis.fr\/en\/wp-json\/wp\/v2\/pages\/435\/revisions"}],"predecessor-version":[{"id":2343,"href":"https:\/\/www.windowparis.fr\/en\/wp-json\/wp\/v2\/pages\/435\/revisions\/2343"}],"wp:featuredmedia":[{"embeddable":true,"href":"https:\/\/www.windowparis.fr\/en\/wp-json\/wp\/v2\/media\/3419"}],"wp:attachment":[{"href":"https:\/\/www.windowparis.fr\/en\/wp-json\/wp\/v2\/media?parent=435"}],"curies":[{"name":"wp","href":"https:\/\/api.w.org\/{rel}","templated":true}]}}