{"id":2777,"date":"2023-07-07T10:11:58","date_gmt":"2023-07-07T08:11:58","guid":{"rendered":"https:\/\/www.windowparis.fr\/concept\/"},"modified":"2023-08-26T09:23:26","modified_gmt":"2023-08-26T07:23:26","slug":"concept","status":"publish","type":"page","link":"https:\/\/www.windowparis.fr\/en\/concept\/","title":{"rendered":"WINDOW VA&amp;VIENT"},"content":{"rendered":"\t\t<div data-elementor-type=\"wp-page\" data-elementor-id=\"2777\" class=\"elementor elementor-2777 elementor-2690\" data-elementor-post-type=\"page\">\n\t\t\t\t\t\t<section class=\"elementor-section elementor-top-section elementor-element elementor-element-2839d708 elementor-section-full_width elementor-section-height-default elementor-section-height-default\" data-id=\"2839d708\" data-element_type=\"section\" data-e-type=\"section\" id=\"title_wrapper\">\n\t\t\t\t\t\t<div class=\"elementor-container elementor-column-gap-no\">\n\t\t\t\t\t<div class=\"elementor-column elementor-col-50 elementor-top-column elementor-element elementor-element-36fe8b71\" data-id=\"36fe8b71\" data-element_type=\"column\" data-e-type=\"column\">\n\t\t\t<div class=\"elementor-widget-wrap elementor-element-populated\">\n\t\t\t\t\t\t<div class=\"elementor-element elementor-element-6d0ec316 elementor-widget elementor-widget-heading\" data-id=\"6d0ec316\" data-element_type=\"widget\" data-e-type=\"widget\" data-widget_type=\"heading.default\">\n\t\t\t\t<div class=\"elementor-widget-container\">\n\t\t\t\t\t<h1 class=\"elementor-heading-title elementor-size-default\">Ready-to-hang curtains, made and adjusted in France<\/h1>\t\t\t\t<\/div>\n\t\t\t\t<\/div>\n\t\t\t\t\t<\/div>\n\t\t<\/div>\n\t\t\t\t<div class=\"elementor-column elementor-col-50 elementor-top-column elementor-element elementor-element-2589baff\" data-id=\"2589baff\" data-element_type=\"column\" data-e-type=\"column\">\n\t\t\t<div class=\"elementor-widget-wrap\">\n\t\t\t\t\t\t\t<\/div>\n\t\t<\/div>\n\t\t\t\t\t<\/div>\n\t\t<\/section>\n\t\t\t\t<section class=\"elementor-section elementor-top-section elementor-element elementor-element-680c51dd elementor-section-full_width elementor-section-content-top elementor-section-height-default elementor-section-height-default\" data-id=\"680c51dd\" data-element_type=\"section\" data-e-type=\"section\" id=\"main_content_wrapper\">\n\t\t\t\t\t\t<div class=\"elementor-container elementor-column-gap-default\">\n\t\t\t\t\t<div class=\"elementor-column elementor-col-50 elementor-top-column elementor-element elementor-element-18774431\" data-id=\"18774431\" data-element_type=\"column\" data-e-type=\"column\">\n\t\t\t<div class=\"elementor-widget-wrap elementor-element-populated\">\n\t\t\t\t\t\t<div class=\"elementor-element elementor-element-47eaa985 elementor-widget elementor-widget-image\" data-id=\"47eaa985\" data-element_type=\"widget\" data-e-type=\"widget\" data-widget_type=\"image.default\">\n\t\t\t\t<div class=\"elementor-widget-container\">\n\t\t\t\t\t\t\t\t\t\t\t\t\t\t\t<img fetchpriority=\"high\" decoding=\"async\" width=\"1025\" height=\"1025\" src=\"https:\/\/www.windowparis.fr\/wp-content\/uploads\/2023\/08\/a04645a7-ce92-4c5d-8465-6974178bf0ed.jpg\" class=\"attachment-full size-full wp-image-3107\" alt=\"COLLECTION WINDOW VA&amp;VIENT inspir\u00e9e par l&#039;\u00e9t\u00e9, la mer et le ciel bleus\" srcset=\"https:\/\/www.windowparis.fr\/wp-content\/uploads\/2023\/08\/a04645a7-ce92-4c5d-8465-6974178bf0ed.jpg 1025w, https:\/\/www.windowparis.fr\/wp-content\/uploads\/2023\/08\/a04645a7-ce92-4c5d-8465-6974178bf0ed-300x300.jpg 300w, https:\/\/www.windowparis.fr\/wp-content\/uploads\/2023\/08\/a04645a7-ce92-4c5d-8465-6974178bf0ed-150x150.jpg 150w, https:\/\/www.windowparis.fr\/wp-content\/uploads\/2023\/08\/a04645a7-ce92-4c5d-8465-6974178bf0ed-768x768.jpg 768w, https:\/\/www.windowparis.fr\/wp-content\/uploads\/2023\/08\/a04645a7-ce92-4c5d-8465-6974178bf0ed-24x24.jpg 24w, https:\/\/www.windowparis.fr\/wp-content\/uploads\/2023\/08\/a04645a7-ce92-4c5d-8465-6974178bf0ed-36x36.jpg 36w, https:\/\/www.windowparis.fr\/wp-content\/uploads\/2023\/08\/a04645a7-ce92-4c5d-8465-6974178bf0ed-48x48.jpg 48w\" sizes=\"(max-width: 1025px) 100vw, 1025px\" \/>\t\t\t\t\t\t\t\t\t\t\t\t\t\t\t<\/div>\n\t\t\t\t<\/div>\n\t\t\t\t\t<\/div>\n\t\t<\/div>\n\t\t\t\t<div class=\"elementor-column elementor-col-50 elementor-top-column elementor-element elementor-element-5b606e7\" data-id=\"5b606e7\" data-element_type=\"column\" data-e-type=\"column\">\n\t\t\t<div class=\"elementor-widget-wrap elementor-element-populated\">\n\t\t\t\t\t\t<div class=\"elementor-element elementor-element-2830029 elementor-widget elementor-widget-image\" data-id=\"2830029\" data-element_type=\"widget\" data-e-type=\"widget\" data-widget_type=\"image.default\">\n\t\t\t\t<div class=\"elementor-widget-container\">\n\t\t\t\t\t\t\t\t\t\t\t\t\t\t\t<img decoding=\"async\" width=\"1\" height=\"1\" src=\"https:\/\/www.windowparis.fr\/wp-content\/uploads\/2023\/07\/WINDOW_VAVIENT.svg\" class=\"attachment-medium size-medium wp-image-2699\" alt=\"\" \/>\t\t\t\t\t\t\t\t\t\t\t\t\t\t\t<\/div>\n\t\t\t\t<\/div>\n\t\t\t\t<div class=\"elementor-element elementor-element-2cead8e9 elementor-widget elementor-widget-text-editor\" data-id=\"2cead8e9\" data-element_type=\"widget\" data-e-type=\"widget\" data-widget_type=\"text-editor.default\">\n\t\t\t\t<div class=\"elementor-widget-container\">\n\t\t\t\t\t\t\t\t\t<p>The first collection of WINDOW VA&amp;VIENT ready-to-hang curtains is inspired by summer, the blue sea and sky, bougainvillea and flowering hydrangeas&#8230; The vast majority of these fabrics are exclusive creations, developed in partnership with French craftsmen and industrialists. <\/p>\n<p>Each model is available in 4 standard sizes to cover windows from 1m35 to 3m35 high. <\/p>\n<p>This new line of ready-to-hang curtains is linked to an application, digital and easy to use, allowing their length to be adjusted to the nearest centimeter, by a partner workshop. <\/p>\n<p>Hence its name WINDOW VA&amp;VIENT.<\/p><\/p>\n\t\t\t\t\t\t\t\t<\/div>\n\t\t\t\t<\/div>\n\t\t\t\t\t<\/div>\n\t\t<\/div>\n\t\t\t\t\t<\/div>\n\t\t<\/section>\n\t\t\t\t<\/div>\n\t\t","protected":false},"excerpt":{"rendered":"<p>Logo WINDOW VA&amp;VIENT<\/p>\n","protected":false},"author":7,"featured_media":3317,"parent":0,"menu_order":0,"comment_status":"closed","ping_status":"closed","template":"","meta":{"_acf_changed":false,"footnotes":""},"class_list":["post-2777","page","type-page","status-publish","has-post-thumbnail","hentry"],"acf":[],"yoast_head":"<!-- This site is optimized with the Yoast SEO plugin v27.6 - https:\/\/yoast.com\/product\/yoast-seo-wordpress\/ -->\n<title>WINDOW VA&amp;VIENT - Window Paris<\/title>\n<meta name=\"robots\" content=\"index, follow, max-snippet:-1, max-image-preview:large, max-video-preview:-1\" \/>\n<link rel=\"canonical\" href=\"https:\/\/www.windowparis.fr\/en\/concept\/\" \/>\n<meta property=\"og:locale\" content=\"en_US\" \/>\n<meta property=\"og:type\" content=\"article\" \/>\n<meta property=\"og:title\" content=\"WINDOW VA&amp;VIENT - Window Paris\" \/>\n<meta property=\"og:description\" content=\"Logo WINDOW VA&amp;VIENT\" \/>\n<meta property=\"og:url\" content=\"https:\/\/www.windowparis.fr\/en\/concept\/\" \/>\n<meta property=\"og:site_name\" content=\"Window Paris\" \/>\n<meta property=\"article:publisher\" content=\"https:\/\/www.facebook.com\/WINDOW-100892739154156\/\" \/>\n<meta property=\"article:modified_time\" content=\"2023-08-26T07:23:26+00:00\" \/>\n<meta property=\"og:image\" content=\"https:\/\/www.windowparis.fr\/wp-content\/uploads\/2023\/08\/b90357c1-363d-46bd-8d03-7a811348b16a.jpg\" \/>\n\t<meta property=\"og:image:width\" content=\"1600\" \/>\n\t<meta property=\"og:image:height\" content=\"1600\" \/>\n\t<meta property=\"og:image:type\" content=\"image\/jpeg\" \/>\n<meta name=\"twitter:card\" content=\"summary_large_image\" \/>\n<meta name=\"twitter:label1\" content=\"Est. reading time\" \/>\n\t<meta name=\"twitter:data1\" content=\"1 minute\" \/>\n<script type=\"application\/ld+json\" class=\"yoast-schema-graph\">{\"@context\":\"https:\\\/\\\/schema.org\",\"@graph\":[{\"@type\":\"WebPage\",\"@id\":\"https:\\\/\\\/www.windowparis.fr\\\/en\\\/concept\\\/\",\"url\":\"https:\\\/\\\/www.windowparis.fr\\\/en\\\/concept\\\/\",\"name\":\"WINDOW VA&amp;VIENT - Window Paris\",\"isPartOf\":{\"@id\":\"https:\\\/\\\/www.windowparis.fr\\\/#website\"},\"primaryImageOfPage\":{\"@id\":\"https:\\\/\\\/www.windowparis.fr\\\/en\\\/concept\\\/#primaryimage\"},\"image\":{\"@id\":\"https:\\\/\\\/www.windowparis.fr\\\/en\\\/concept\\\/#primaryimage\"},\"thumbnailUrl\":\"https:\\\/\\\/www.windowparis.fr\\\/wp-content\\\/uploads\\\/2023\\\/08\\\/b90357c1-363d-46bd-8d03-7a811348b16a.jpg\",\"datePublished\":\"2023-07-07T08:11:58+00:00\",\"dateModified\":\"2023-08-26T07:23:26+00:00\",\"breadcrumb\":{\"@id\":\"https:\\\/\\\/www.windowparis.fr\\\/en\\\/concept\\\/#breadcrumb\"},\"inLanguage\":\"en-US\",\"potentialAction\":[{\"@type\":\"ReadAction\",\"target\":[\"https:\\\/\\\/www.windowparis.fr\\\/en\\\/concept\\\/\"]}]},{\"@type\":\"ImageObject\",\"inLanguage\":\"en-US\",\"@id\":\"https:\\\/\\\/www.windowparis.fr\\\/en\\\/concept\\\/#primaryimage\",\"url\":\"https:\\\/\\\/www.windowparis.fr\\\/wp-content\\\/uploads\\\/2023\\\/08\\\/b90357c1-363d-46bd-8d03-7a811348b16a.jpg\",\"contentUrl\":\"https:\\\/\\\/www.windowparis.fr\\\/wp-content\\\/uploads\\\/2023\\\/08\\\/b90357c1-363d-46bd-8d03-7a811348b16a.jpg\",\"width\":1600,\"height\":1600,\"caption\":\"Logo packaging collection rideaux pr\u00eat-\u00e0-poser WINDOW VA&VIENT\"},{\"@type\":\"BreadcrumbList\",\"@id\":\"https:\\\/\\\/www.windowparis.fr\\\/en\\\/concept\\\/#breadcrumb\",\"itemListElement\":[{\"@type\":\"ListItem\",\"position\":1,\"name\":\"Accueil\",\"item\":\"https:\\\/\\\/www.windowparis.fr\\\/en\\\/\"},{\"@type\":\"ListItem\",\"position\":2,\"name\":\"WINDOW VA&amp;VIENT\"}]},{\"@type\":\"WebSite\",\"@id\":\"https:\\\/\\\/www.windowparis.fr\\\/#website\",\"url\":\"https:\\\/\\\/www.windowparis.fr\\\/\",\"name\":\"Window Paris\",\"description\":\"Des rideaux sur mesure fabriqu\u00e9s en France\",\"publisher\":{\"@id\":\"https:\\\/\\\/www.windowparis.fr\\\/#organization\"},\"potentialAction\":[{\"@type\":\"SearchAction\",\"target\":{\"@type\":\"EntryPoint\",\"urlTemplate\":\"https:\\\/\\\/www.windowparis.fr\\\/?s={search_term_string}\"},\"query-input\":{\"@type\":\"PropertyValueSpecification\",\"valueRequired\":true,\"valueName\":\"search_term_string\"}}],\"inLanguage\":\"en-US\"},{\"@type\":\"Organization\",\"@id\":\"https:\\\/\\\/www.windowparis.fr\\\/#organization\",\"name\":\"Window Paris\",\"url\":\"https:\\\/\\\/www.windowparis.fr\\\/\",\"logo\":{\"@type\":\"ImageObject\",\"inLanguage\":\"en-US\",\"@id\":\"https:\\\/\\\/www.windowparis.fr\\\/#\\\/schema\\\/logo\\\/image\\\/\",\"url\":\"https:\\\/\\\/www.windowparis.fr\\\/wp-content\\\/uploads\\\/2022\\\/07\\\/logo.svg\",\"contentUrl\":\"https:\\\/\\\/www.windowparis.fr\\\/wp-content\\\/uploads\\\/2022\\\/07\\\/logo.svg\",\"width\":322,\"height\":71,\"caption\":\"Window Paris\"},\"image\":{\"@id\":\"https:\\\/\\\/www.windowparis.fr\\\/#\\\/schema\\\/logo\\\/image\\\/\"},\"sameAs\":[\"https:\\\/\\\/www.facebook.com\\\/WINDOW-100892739154156\\\/\"]}]}<\/script>\n<!-- \/ Yoast SEO plugin. -->","yoast_head_json":{"title":"WINDOW VA&amp;VIENT - Window Paris","robots":{"index":"index","follow":"follow","max-snippet":"max-snippet:-1","max-image-preview":"max-image-preview:large","max-video-preview":"max-video-preview:-1"},"canonical":"https:\/\/www.windowparis.fr\/en\/concept\/","og_locale":"en_US","og_type":"article","og_title":"WINDOW VA&amp;VIENT - Window Paris","og_description":"Logo WINDOW VA&amp;VIENT","og_url":"https:\/\/www.windowparis.fr\/en\/concept\/","og_site_name":"Window Paris","article_publisher":"https:\/\/www.facebook.com\/WINDOW-100892739154156\/","article_modified_time":"2023-08-26T07:23:26+00:00","og_image":[{"width":1600,"height":1600,"url":"https:\/\/www.windowparis.fr\/wp-content\/uploads\/2023\/08\/b90357c1-363d-46bd-8d03-7a811348b16a.jpg","type":"image\/jpeg"}],"twitter_card":"summary_large_image","twitter_misc":{"Est. reading time":"1 minute"},"schema":{"@context":"https:\/\/schema.org","@graph":[{"@type":"WebPage","@id":"https:\/\/www.windowparis.fr\/en\/concept\/","url":"https:\/\/www.windowparis.fr\/en\/concept\/","name":"WINDOW VA&amp;VIENT - Window Paris","isPartOf":{"@id":"https:\/\/www.windowparis.fr\/#website"},"primaryImageOfPage":{"@id":"https:\/\/www.windowparis.fr\/en\/concept\/#primaryimage"},"image":{"@id":"https:\/\/www.windowparis.fr\/en\/concept\/#primaryimage"},"thumbnailUrl":"https:\/\/www.windowparis.fr\/wp-content\/uploads\/2023\/08\/b90357c1-363d-46bd-8d03-7a811348b16a.jpg","datePublished":"2023-07-07T08:11:58+00:00","dateModified":"2023-08-26T07:23:26+00:00","breadcrumb":{"@id":"https:\/\/www.windowparis.fr\/en\/concept\/#breadcrumb"},"inLanguage":"en-US","potentialAction":[{"@type":"ReadAction","target":["https:\/\/www.windowparis.fr\/en\/concept\/"]}]},{"@type":"ImageObject","inLanguage":"en-US","@id":"https:\/\/www.windowparis.fr\/en\/concept\/#primaryimage","url":"https:\/\/www.windowparis.fr\/wp-content\/uploads\/2023\/08\/b90357c1-363d-46bd-8d03-7a811348b16a.jpg","contentUrl":"https:\/\/www.windowparis.fr\/wp-content\/uploads\/2023\/08\/b90357c1-363d-46bd-8d03-7a811348b16a.jpg","width":1600,"height":1600,"caption":"Logo packaging collection rideaux pr\u00eat-\u00e0-poser WINDOW VA&VIENT"},{"@type":"BreadcrumbList","@id":"https:\/\/www.windowparis.fr\/en\/concept\/#breadcrumb","itemListElement":[{"@type":"ListItem","position":1,"name":"Accueil","item":"https:\/\/www.windowparis.fr\/en\/"},{"@type":"ListItem","position":2,"name":"WINDOW VA&amp;VIENT"}]},{"@type":"WebSite","@id":"https:\/\/www.windowparis.fr\/#website","url":"https:\/\/www.windowparis.fr\/","name":"Window Paris","description":"Des rideaux sur mesure fabriqu\u00e9s en France","publisher":{"@id":"https:\/\/www.windowparis.fr\/#organization"},"potentialAction":[{"@type":"SearchAction","target":{"@type":"EntryPoint","urlTemplate":"https:\/\/www.windowparis.fr\/?s={search_term_string}"},"query-input":{"@type":"PropertyValueSpecification","valueRequired":true,"valueName":"search_term_string"}}],"inLanguage":"en-US"},{"@type":"Organization","@id":"https:\/\/www.windowparis.fr\/#organization","name":"Window Paris","url":"https:\/\/www.windowparis.fr\/","logo":{"@type":"ImageObject","inLanguage":"en-US","@id":"https:\/\/www.windowparis.fr\/#\/schema\/logo\/image\/","url":"https:\/\/www.windowparis.fr\/wp-content\/uploads\/2022\/07\/logo.svg","contentUrl":"https:\/\/www.windowparis.fr\/wp-content\/uploads\/2022\/07\/logo.svg","width":322,"height":71,"caption":"Window Paris"},"image":{"@id":"https:\/\/www.windowparis.fr\/#\/schema\/logo\/image\/"},"sameAs":["https:\/\/www.facebook.com\/WINDOW-100892739154156\/"]}]}},"_links":{"self":[{"href":"https:\/\/www.windowparis.fr\/en\/wp-json\/wp\/v2\/pages\/2777","targetHints":{"allow":["GET"]}}],"collection":[{"href":"https:\/\/www.windowparis.fr\/en\/wp-json\/wp\/v2\/pages"}],"about":[{"href":"https:\/\/www.windowparis.fr\/en\/wp-json\/wp\/v2\/types\/page"}],"author":[{"embeddable":true,"href":"https:\/\/www.windowparis.fr\/en\/wp-json\/wp\/v2\/users\/7"}],"replies":[{"embeddable":true,"href":"https:\/\/www.windowparis.fr\/en\/wp-json\/wp\/v2\/comments?post=2777"}],"version-history":[{"count":26,"href":"https:\/\/www.windowparis.fr\/en\/wp-json\/wp\/v2\/pages\/2777\/revisions"}],"predecessor-version":[{"id":3334,"href":"https:\/\/www.windowparis.fr\/en\/wp-json\/wp\/v2\/pages\/2777\/revisions\/3334"}],"wp:featuredmedia":[{"embeddable":true,"href":"https:\/\/www.windowparis.fr\/en\/wp-json\/wp\/v2\/media\/3317"}],"wp:attachment":[{"href":"https:\/\/www.windowparis.fr\/en\/wp-json\/wp\/v2\/media?parent=2777"}],"curies":[{"name":"wp","href":"https:\/\/api.w.org\/{rel}","templated":true}]}}