{"id":234,"date":"2022-07-28T17:06:18","date_gmt":"2022-07-28T15:06:18","guid":{"rendered":"https:\/\/www.windowparis.fr\/intro\/profile\/"},"modified":"2022-10-08T09:47:12","modified_gmt":"2022-10-08T07:47:12","slug":"profile","status":"publish","type":"page","link":"https:\/\/www.windowparis.fr\/en\/intro\/profile\/","title":{"rendered":"Profile"},"content":{"rendered":"\t\t<div data-elementor-type=\"wp-page\" data-elementor-id=\"234\" class=\"elementor elementor-234 elementor-51\" data-elementor-post-type=\"page\">\n\t\t\t\t\t\t<section class=\"elementor-section elementor-top-section elementor-element elementor-element-8f25885 elementor-section-full_width elementor-section-height-default elementor-section-height-default\" data-id=\"8f25885\" data-element_type=\"section\" data-e-type=\"section\" id=\"main_content_wrapper\">\n\t\t\t\t\t\t<div class=\"elementor-container elementor-column-gap-no\">\n\t\t\t\t\t<div class=\"elementor-column elementor-col-33 elementor-top-column elementor-element elementor-element-aebea07\" data-id=\"aebea07\" data-element_type=\"column\" data-e-type=\"column\">\n\t\t\t<div class=\"elementor-widget-wrap elementor-element-populated\">\n\t\t\t\t\t\t<section class=\"elementor-section elementor-inner-section elementor-element elementor-element-38d5c04 elementor-section-full_width passion1 elementor-section-height-default elementor-section-height-default\" data-id=\"38d5c04\" data-element_type=\"section\" data-e-type=\"section\">\n\t\t\t\t\t\t<div class=\"elementor-container elementor-column-gap-no\">\n\t\t\t\t\t<div class=\"elementor-column elementor-col-100 elementor-inner-column elementor-element elementor-element-21b29f4\" data-id=\"21b29f4\" data-element_type=\"column\" data-e-type=\"column\">\n\t\t\t<div class=\"elementor-widget-wrap elementor-element-populated\">\n\t\t\t\t\t\t<div class=\"elementor-element elementor-element-0878697 elementor-widget elementor-widget-image\" data-id=\"0878697\" data-element_type=\"widget\" data-e-type=\"widget\" data-widget_type=\"image.default\">\n\t\t\t\t<div class=\"elementor-widget-container\">\n\t\t\t\t\t\t\t\t\t\t\t\t\t\t\t<img fetchpriority=\"high\" decoding=\"async\" width=\"462\" height=\"574\" src=\"https:\/\/www.windowparis.fr\/wp-content\/uploads\/2022\/07\/image1.jpg\" class=\"attachment-full size-full wp-image-205\" alt=\"image1\" srcset=\"https:\/\/www.windowparis.fr\/wp-content\/uploads\/2022\/07\/image1.jpg 462w, https:\/\/www.windowparis.fr\/wp-content\/uploads\/2022\/07\/image1-241x300.jpg 241w, https:\/\/www.windowparis.fr\/wp-content\/uploads\/2022\/07\/image1-19x24.jpg 19w, https:\/\/www.windowparis.fr\/wp-content\/uploads\/2022\/07\/image1-29x36.jpg 29w, https:\/\/www.windowparis.fr\/wp-content\/uploads\/2022\/07\/image1-39x48.jpg 39w\" sizes=\"(max-width: 462px) 100vw, 462px\" \/>\t\t\t\t\t\t\t\t\t\t\t\t\t\t\t<\/div>\n\t\t\t\t<\/div>\n\t\t\t\t<div class=\"elementor-element elementor-element-6182be9 small_image elementor-widget elementor-widget-image\" data-id=\"6182be9\" data-element_type=\"widget\" data-e-type=\"widget\" data-widget_type=\"image.default\">\n\t\t\t\t<div class=\"elementor-widget-container\">\n\t\t\t\t\t\t\t\t\t\t\t\t\t\t\t<img decoding=\"async\" width=\"225\" height=\"280\" src=\"https:\/\/www.windowparis.fr\/wp-content\/uploads\/2022\/07\/image3.jpg\" class=\"attachment-full size-full wp-image-207\" alt=\"image3\" srcset=\"https:\/\/www.windowparis.fr\/wp-content\/uploads\/2022\/07\/image3.jpg 225w, https:\/\/www.windowparis.fr\/wp-content\/uploads\/2022\/07\/image3-19x24.jpg 19w, https:\/\/www.windowparis.fr\/wp-content\/uploads\/2022\/07\/image3-29x36.jpg 29w, https:\/\/www.windowparis.fr\/wp-content\/uploads\/2022\/07\/image3-39x48.jpg 39w\" sizes=\"(max-width: 225px) 100vw, 225px\" \/>\t\t\t\t\t\t\t\t\t\t\t\t\t\t\t<\/div>\n\t\t\t\t<\/div>\n\t\t\t\t\t<\/div>\n\t\t<\/div>\n\t\t\t\t\t<\/div>\n\t\t<\/section>\n\t\t\t\t\t<\/div>\n\t\t<\/div>\n\t\t\t\t<div class=\"elementor-column elementor-col-33 elementor-top-column elementor-element elementor-element-81c29c9 passion2\" data-id=\"81c29c9\" data-element_type=\"column\" data-e-type=\"column\">\n\t\t\t<div class=\"elementor-widget-wrap elementor-element-populated\">\n\t\t\t\t\t\t<div class=\"elementor-element elementor-element-36614262 elementor-hidden-mobile elementor-widget elementor-widget-heading\" data-id=\"36614262\" data-element_type=\"widget\" data-e-type=\"widget\" data-widget_type=\"heading.default\">\n\t\t\t\t<div class=\"elementor-widget-container\">\n\t\t\t\t\t<h1 class=\"elementor-heading-title elementor-size-default\">A career gradually woven<\/h1>\t\t\t\t<\/div>\n\t\t\t\t<\/div>\n\t\t\t\t<section class=\"elementor-section elementor-inner-section elementor-element elementor-element-c21d8e3 elementor-section-full_width elementor-section-height-default elementor-section-height-default\" data-id=\"c21d8e3\" data-element_type=\"section\" data-e-type=\"section\">\n\t\t\t\t\t\t<div class=\"elementor-container elementor-column-gap-no\">\n\t\t\t\t\t<div class=\"elementor-column elementor-col-50 elementor-inner-column elementor-element elementor-element-e40eaa7\" data-id=\"e40eaa7\" data-element_type=\"column\" data-e-type=\"column\">\n\t\t\t<div class=\"elementor-widget-wrap elementor-element-populated\">\n\t\t\t\t\t\t<div class=\"elementor-element elementor-element-7b63399 elementor-widget elementor-widget-image\" data-id=\"7b63399\" data-element_type=\"widget\" data-e-type=\"widget\" data-widget_type=\"image.default\">\n\t\t\t\t<div class=\"elementor-widget-container\">\n\t\t\t\t\t\t\t\t\t\t\t\t\t\t\t<img decoding=\"async\" width=\"224\" height=\"280\" src=\"https:\/\/www.windowparis.fr\/wp-content\/uploads\/2022\/07\/image4.jpg\" class=\"attachment-full size-full wp-image-209\" alt=\"image4\" srcset=\"https:\/\/www.windowparis.fr\/wp-content\/uploads\/2022\/07\/image4.jpg 224w, https:\/\/www.windowparis.fr\/wp-content\/uploads\/2022\/07\/image4-19x24.jpg 19w, https:\/\/www.windowparis.fr\/wp-content\/uploads\/2022\/07\/image4-29x36.jpg 29w, https:\/\/www.windowparis.fr\/wp-content\/uploads\/2022\/07\/image4-38x48.jpg 38w\" sizes=\"(max-width: 224px) 100vw, 224px\" \/>\t\t\t\t\t\t\t\t\t\t\t\t\t\t\t<\/div>\n\t\t\t\t<\/div>\n\t\t\t\t\t<\/div>\n\t\t<\/div>\n\t\t\t\t<div class=\"elementor-column elementor-col-50 elementor-inner-column elementor-element elementor-element-dbc9280\" data-id=\"dbc9280\" data-element_type=\"column\" data-e-type=\"column\">\n\t\t\t<div class=\"elementor-widget-wrap elementor-element-populated\">\n\t\t\t\t\t\t<div class=\"elementor-element elementor-element-fe99fa7 elementor-hidden-mobile elementor-widget elementor-widget-image\" data-id=\"fe99fa7\" data-element_type=\"widget\" data-e-type=\"widget\" data-widget_type=\"image.default\">\n\t\t\t\t<div class=\"elementor-widget-container\">\n\t\t\t\t\t\t\t\t\t\t\t\t\t\t\t<img loading=\"lazy\" decoding=\"async\" width=\"225\" height=\"280\" src=\"https:\/\/www.windowparis.fr\/wp-content\/uploads\/2022\/07\/image5.jpg\" class=\"attachment-full size-full wp-image-212\" alt=\"Fr\u00e9d\u00e9ric Martin-Bernard, founder of WINDOW\" srcset=\"https:\/\/www.windowparis.fr\/wp-content\/uploads\/2022\/07\/image5.jpg 225w, https:\/\/www.windowparis.fr\/wp-content\/uploads\/2022\/07\/image5-19x24.jpg 19w, https:\/\/www.windowparis.fr\/wp-content\/uploads\/2022\/07\/image5-29x36.jpg 29w, https:\/\/www.windowparis.fr\/wp-content\/uploads\/2022\/07\/image5-39x48.jpg 39w\" sizes=\"(max-width: 225px) 100vw, 225px\" \/>\t\t\t\t\t\t\t\t\t\t\t\t\t\t\t<\/div>\n\t\t\t\t<\/div>\n\t\t\t\t\t<\/div>\n\t\t<\/div>\n\t\t\t\t\t<\/div>\n\t\t<\/section>\n\t\t\t\t<section class=\"elementor-section elementor-inner-section elementor-element elementor-element-ae7f1e2 elementor-section-full_width elementor-section-height-default elementor-section-height-default\" data-id=\"ae7f1e2\" data-element_type=\"section\" data-e-type=\"section\">\n\t\t\t\t\t\t<div class=\"elementor-container elementor-column-gap-no\">\n\t\t\t\t\t<div class=\"elementor-column elementor-col-100 elementor-inner-column elementor-element elementor-element-a601d61\" data-id=\"a601d61\" data-element_type=\"column\" data-e-type=\"column\">\n\t\t\t<div class=\"elementor-widget-wrap elementor-element-populated\">\n\t\t\t\t\t\t<div class=\"elementor-element elementor-element-6b60735 elementor-widget elementor-widget-image\" data-id=\"6b60735\" data-element_type=\"widget\" data-e-type=\"widget\" data-widget_type=\"image.default\">\n\t\t\t\t<div class=\"elementor-widget-container\">\n\t\t\t\t\t\t\t\t\t\t\t\t\t\t\t<img loading=\"lazy\" decoding=\"async\" width=\"462\" height=\"574\" src=\"https:\/\/www.windowparis.fr\/wp-content\/uploads\/2022\/07\/image6.jpg\" class=\"attachment-full size-full wp-image-214\" alt=\"image6\" srcset=\"https:\/\/www.windowparis.fr\/wp-content\/uploads\/2022\/07\/image6.jpg 462w, https:\/\/www.windowparis.fr\/wp-content\/uploads\/2022\/07\/image6-241x300.jpg 241w, https:\/\/www.windowparis.fr\/wp-content\/uploads\/2022\/07\/image6-19x24.jpg 19w, https:\/\/www.windowparis.fr\/wp-content\/uploads\/2022\/07\/image6-29x36.jpg 29w, https:\/\/www.windowparis.fr\/wp-content\/uploads\/2022\/07\/image6-39x48.jpg 39w\" sizes=\"(max-width: 462px) 100vw, 462px\" \/>\t\t\t\t\t\t\t\t\t\t\t\t\t\t\t<\/div>\n\t\t\t\t<\/div>\n\t\t\t\t\t<\/div>\n\t\t<\/div>\n\t\t\t\t\t<\/div>\n\t\t<\/section>\n\t\t\t\t\t<\/div>\n\t\t<\/div>\n\t\t\t\t<div class=\"elementor-column elementor-col-33 elementor-top-column elementor-element elementor-element-7ce0971 passion3\" data-id=\"7ce0971\" data-element_type=\"column\" data-e-type=\"column\">\n\t\t\t<div class=\"elementor-widget-wrap elementor-element-populated\">\n\t\t\t\t\t\t<div class=\"elementor-element elementor-element-1f3c7bc elementor-hidden-desktop elementor-hidden-tablet elementor-widget elementor-widget-heading\" data-id=\"1f3c7bc\" data-element_type=\"widget\" data-e-type=\"widget\" data-widget_type=\"heading.default\">\n\t\t\t\t<div class=\"elementor-widget-container\">\n\t\t\t\t\t<h1 class=\"elementor-heading-title elementor-size-default\">Une carri\u00e8re de fil en aiguille<\/h1>\t\t\t\t<\/div>\n\t\t\t\t<\/div>\n\t\t\t\t<div class=\"elementor-element elementor-element-4ce94b5 elementor-hidden-desktop elementor-hidden-tablet elementor-widget elementor-widget-image\" data-id=\"4ce94b5\" data-element_type=\"widget\" data-e-type=\"widget\" data-widget_type=\"image.default\">\n\t\t\t\t<div class=\"elementor-widget-container\">\n\t\t\t\t\t\t\t\t\t\t\t\t\t\t\t<img loading=\"lazy\" decoding=\"async\" width=\"225\" height=\"280\" src=\"https:\/\/www.windowparis.fr\/wp-content\/uploads\/2022\/07\/image5.jpg\" class=\"attachment-full size-full wp-image-212\" alt=\"Fr\u00e9d\u00e9ric Martin-Bernard, founder of WINDOW\" srcset=\"https:\/\/www.windowparis.fr\/wp-content\/uploads\/2022\/07\/image5.jpg 225w, https:\/\/www.windowparis.fr\/wp-content\/uploads\/2022\/07\/image5-19x24.jpg 19w, https:\/\/www.windowparis.fr\/wp-content\/uploads\/2022\/07\/image5-29x36.jpg 29w, https:\/\/www.windowparis.fr\/wp-content\/uploads\/2022\/07\/image5-39x48.jpg 39w\" sizes=\"(max-width: 225px) 100vw, 225px\" \/>\t\t\t\t\t\t\t\t\t\t\t\t\t\t\t<\/div>\n\t\t\t\t<\/div>\n\t\t\t\t<div class=\"elementor-element elementor-element-51fff23e elementor-widget elementor-widget-text-editor\" data-id=\"51fff23e\" data-element_type=\"widget\" data-e-type=\"widget\" data-widget_type=\"text-editor.default\">\n\t\t\t\t<div class=\"elementor-widget-container\">\n\t\t\t\t\t\t\t\t\t<p>Fr\u00e9d\u00e9ric Martin-Bernard grew up in a small village in the Vosges region at the gates of G\u00e9rardmer. His parents lived at number 1 on the factory road. And the factory at the end of the road was a manufacturing place for a famous house linen brand.<\/p>\n<p>Graduating in 1992 with a degree from the Ecole Sup\u00e9rieure des Industries Textiles d\u2019Epinal, he put the finishing touches on his formal education with fashion design classes in Paris. He practised this job for some time, while at the same time teaching sewing during several years.<\/p>\n<p>At the same period of time, Fr\u00e9d\u00e9ric Martin-Bernard was noticed by a professional newspaper thanks to his complete curriculum in textile and clothing. In the spring of 1997, he became a member of its editorial board, which was an ideal school to train for journalism. From 1999 on, he wrote articles as a freelance journalist for different magazines and newspapers, until he was hired by a famous French newspaper in June 2007.<\/p>\n<p>Head of the mode department during twelve years, FMB wrote about current events in the luxury sector, keeping a special curiosity for various savoir-faires. He never refused to go on the field and visit a manufacturer. He liked to see what is hidden from view, discover how things are made and explain the transformation process from an original idea to a finished product &#8211; especially when it called on traditions and preserved professions.<\/p>\n<p>His original passion for confection, cloths and fine linen never left him. Enriched with thirty years of experience, observation and analysis of the fashion and luxury worlds, Fr\u00e9d\u00e9ric Martin-Bernard today returns somehow to his personal and professional roots by imagining a brand of home decoration, in parallel to his activity as a journalist. <\/p>\n\t\t\t\t\t\t\t\t<\/div>\n\t\t\t\t<\/div>\n\t\t\t\t\t<\/div>\n\t\t<\/div>\n\t\t\t\t\t<\/div>\n\t\t<\/section>\n\t\t\t\t<\/div>\n\t\t","protected":false},"excerpt":{"rendered":"<p>A career gradually woven<\/p>\n","protected":false},"author":1,"featured_media":0,"parent":157,"menu_order":2,"comment_status":"closed","ping_status":"closed","template":"","meta":{"_acf_changed":false,"footnotes":""},"class_list":["post-234","page","type-page","status-publish","hentry"],"acf":[],"yoast_head":"<!-- This site is optimized with the Yoast SEO plugin v27.6 - https:\/\/yoast.com\/product\/yoast-seo-wordpress\/ -->\n<title>Profile - Window Paris<\/title>\n<meta name=\"description\" content=\"Discover Fr\u00e9d\u00e9ric Martin-Bernard, founder of WINDOW, a brand of Made to Measure curtains crafted in the Vosges mountains.\" \/>\n<meta name=\"robots\" content=\"index, follow, max-snippet:-1, max-image-preview:large, max-video-preview:-1\" \/>\n<link rel=\"canonical\" href=\"https:\/\/www.windowparis.fr\/intro\/un-passionne\/\" \/>\n<meta property=\"og:locale\" content=\"en_US\" \/>\n<meta property=\"og:type\" content=\"article\" \/>\n<meta property=\"og:title\" content=\"Fr\u00e9d\u00e9ric Martin-Bernard, founder of WINDOW\" \/>\n<meta property=\"og:description\" content=\"Discover Fr\u00e9d\u00e9ric Martin-Bernard, founder of WINDOW, a brand of Made to Measure curtains crafted in the Vosges mountains.\" \/>\n<meta property=\"og:url\" content=\"https:\/\/www.windowparis.fr\/intro\/un-passionne\/\" \/>\n<meta property=\"og:site_name\" content=\"Window Paris\" \/>\n<meta property=\"article:publisher\" content=\"https:\/\/www.facebook.com\/WINDOW-100892739154156\/\" \/>\n<meta property=\"article:modified_time\" content=\"2022-10-08T07:47:12+00:00\" \/>\n<meta property=\"og:image\" content=\"https:\/\/www.windowparis.fr\/wp-content\/uploads\/2022\/07\/image5.jpg\" \/>\n\t<meta property=\"og:image:width\" content=\"225\" \/>\n\t<meta property=\"og:image:height\" content=\"280\" \/>\n\t<meta property=\"og:image:type\" content=\"image\/jpeg\" \/>\n<meta name=\"twitter:card\" content=\"summary_large_image\" \/>\n<meta name=\"twitter:title\" content=\"Fr\u00e9d\u00e9ric Martin-Bernard, founder of WINDOW\" \/>\n<meta name=\"twitter:description\" content=\"Discover Fr\u00e9d\u00e9ric Martin-Bernard, founder of WINDOW, a brand of Made to Measure curtains crafted in the Vosges mountains.\" \/>\n<meta name=\"twitter:image\" content=\"https:\/\/www.windowparis.fr\/wp-content\/uploads\/2022\/07\/image5.jpg\" \/>\n<meta name=\"twitter:label1\" content=\"Est. reading time\" \/>\n\t<meta name=\"twitter:data1\" content=\"3 minutes\" \/>\n<script type=\"application\/ld+json\" class=\"yoast-schema-graph\">{\"@context\":\"https:\\\/\\\/schema.org\",\"@graph\":[{\"@type\":\"WebPage\",\"@id\":\"https:\\\/\\\/www.windowparis.fr\\\/intro\\\/un-passionne\\\/\",\"url\":\"https:\\\/\\\/www.windowparis.fr\\\/intro\\\/un-passionne\\\/\",\"name\":\"Profile - Window Paris\",\"isPartOf\":{\"@id\":\"https:\\\/\\\/www.windowparis.fr\\\/#website\"},\"primaryImageOfPage\":{\"@id\":\"https:\\\/\\\/www.windowparis.fr\\\/intro\\\/un-passionne\\\/#primaryimage\"},\"image\":{\"@id\":\"https:\\\/\\\/www.windowparis.fr\\\/intro\\\/un-passionne\\\/#primaryimage\"},\"thumbnailUrl\":\"https:\\\/\\\/www.windowparis.fr\\\/wp-content\\\/uploads\\\/2022\\\/07\\\/image1.jpg\",\"datePublished\":\"2022-07-28T15:06:18+00:00\",\"dateModified\":\"2022-10-08T07:47:12+00:00\",\"description\":\"Discover Fr\u00e9d\u00e9ric Martin-Bernard, founder of WINDOW, a brand of Made to Measure curtains crafted in the Vosges mountains.\",\"breadcrumb\":{\"@id\":\"https:\\\/\\\/www.windowparis.fr\\\/intro\\\/un-passionne\\\/#breadcrumb\"},\"inLanguage\":\"en-US\",\"potentialAction\":[{\"@type\":\"ReadAction\",\"target\":[\"https:\\\/\\\/www.windowparis.fr\\\/intro\\\/un-passionne\\\/\"]}]},{\"@type\":\"ImageObject\",\"inLanguage\":\"en-US\",\"@id\":\"https:\\\/\\\/www.windowparis.fr\\\/intro\\\/un-passionne\\\/#primaryimage\",\"url\":\"https:\\\/\\\/www.windowparis.fr\\\/wp-content\\\/uploads\\\/2022\\\/07\\\/image1.jpg\",\"contentUrl\":\"https:\\\/\\\/www.windowparis.fr\\\/wp-content\\\/uploads\\\/2022\\\/07\\\/image1.jpg\"},{\"@type\":\"BreadcrumbList\",\"@id\":\"https:\\\/\\\/www.windowparis.fr\\\/intro\\\/un-passionne\\\/#breadcrumb\",\"itemListElement\":[{\"@type\":\"ListItem\",\"position\":1,\"name\":\"Accueil\",\"item\":\"https:\\\/\\\/www.windowparis.fr\\\/en\\\/\"},{\"@type\":\"ListItem\",\"position\":2,\"name\":\"Intro\",\"item\":\"https:\\\/\\\/www.windowparis.fr\\\/intro\\\/\"},{\"@type\":\"ListItem\",\"position\":3,\"name\":\"Profile\"}]},{\"@type\":\"WebSite\",\"@id\":\"https:\\\/\\\/www.windowparis.fr\\\/#website\",\"url\":\"https:\\\/\\\/www.windowparis.fr\\\/\",\"name\":\"Window Paris\",\"description\":\"Des rideaux sur mesure fabriqu\u00e9s en France\",\"publisher\":{\"@id\":\"https:\\\/\\\/www.windowparis.fr\\\/#organization\"},\"potentialAction\":[{\"@type\":\"SearchAction\",\"target\":{\"@type\":\"EntryPoint\",\"urlTemplate\":\"https:\\\/\\\/www.windowparis.fr\\\/?s={search_term_string}\"},\"query-input\":{\"@type\":\"PropertyValueSpecification\",\"valueRequired\":true,\"valueName\":\"search_term_string\"}}],\"inLanguage\":\"en-US\"},{\"@type\":\"Organization\",\"@id\":\"https:\\\/\\\/www.windowparis.fr\\\/#organization\",\"name\":\"Window Paris\",\"url\":\"https:\\\/\\\/www.windowparis.fr\\\/\",\"logo\":{\"@type\":\"ImageObject\",\"inLanguage\":\"en-US\",\"@id\":\"https:\\\/\\\/www.windowparis.fr\\\/#\\\/schema\\\/logo\\\/image\\\/\",\"url\":\"https:\\\/\\\/www.windowparis.fr\\\/wp-content\\\/uploads\\\/2022\\\/07\\\/logo.svg\",\"contentUrl\":\"https:\\\/\\\/www.windowparis.fr\\\/wp-content\\\/uploads\\\/2022\\\/07\\\/logo.svg\",\"width\":322,\"height\":71,\"caption\":\"Window Paris\"},\"image\":{\"@id\":\"https:\\\/\\\/www.windowparis.fr\\\/#\\\/schema\\\/logo\\\/image\\\/\"},\"sameAs\":[\"https:\\\/\\\/www.facebook.com\\\/WINDOW-100892739154156\\\/\"]}]}<\/script>\n<!-- \/ Yoast SEO plugin. -->","yoast_head_json":{"title":"Profile - Window Paris","description":"Discover Fr\u00e9d\u00e9ric Martin-Bernard, founder of WINDOW, a brand of Made to Measure curtains crafted in the Vosges mountains.","robots":{"index":"index","follow":"follow","max-snippet":"max-snippet:-1","max-image-preview":"max-image-preview:large","max-video-preview":"max-video-preview:-1"},"canonical":"https:\/\/www.windowparis.fr\/intro\/un-passionne\/","og_locale":"en_US","og_type":"article","og_title":"Fr\u00e9d\u00e9ric Martin-Bernard, founder of WINDOW","og_description":"Discover Fr\u00e9d\u00e9ric Martin-Bernard, founder of WINDOW, a brand of Made to Measure curtains crafted in the Vosges mountains.","og_url":"https:\/\/www.windowparis.fr\/intro\/un-passionne\/","og_site_name":"Window Paris","article_publisher":"https:\/\/www.facebook.com\/WINDOW-100892739154156\/","article_modified_time":"2022-10-08T07:47:12+00:00","og_image":[{"width":225,"height":280,"url":"https:\/\/www.windowparis.fr\/wp-content\/uploads\/2022\/07\/image5.jpg","type":"image\/jpeg"}],"twitter_card":"summary_large_image","twitter_title":"Fr\u00e9d\u00e9ric Martin-Bernard, founder of WINDOW","twitter_description":"Discover Fr\u00e9d\u00e9ric Martin-Bernard, founder of WINDOW, a brand of Made to Measure curtains crafted in the Vosges mountains.","twitter_image":"https:\/\/www.windowparis.fr\/wp-content\/uploads\/2022\/07\/image5.jpg","twitter_misc":{"Est. reading time":"3 minutes"},"schema":{"@context":"https:\/\/schema.org","@graph":[{"@type":"WebPage","@id":"https:\/\/www.windowparis.fr\/intro\/un-passionne\/","url":"https:\/\/www.windowparis.fr\/intro\/un-passionne\/","name":"Profile - Window Paris","isPartOf":{"@id":"https:\/\/www.windowparis.fr\/#website"},"primaryImageOfPage":{"@id":"https:\/\/www.windowparis.fr\/intro\/un-passionne\/#primaryimage"},"image":{"@id":"https:\/\/www.windowparis.fr\/intro\/un-passionne\/#primaryimage"},"thumbnailUrl":"https:\/\/www.windowparis.fr\/wp-content\/uploads\/2022\/07\/image1.jpg","datePublished":"2022-07-28T15:06:18+00:00","dateModified":"2022-10-08T07:47:12+00:00","description":"Discover Fr\u00e9d\u00e9ric Martin-Bernard, founder of WINDOW, a brand of Made to Measure curtains crafted in the Vosges mountains.","breadcrumb":{"@id":"https:\/\/www.windowparis.fr\/intro\/un-passionne\/#breadcrumb"},"inLanguage":"en-US","potentialAction":[{"@type":"ReadAction","target":["https:\/\/www.windowparis.fr\/intro\/un-passionne\/"]}]},{"@type":"ImageObject","inLanguage":"en-US","@id":"https:\/\/www.windowparis.fr\/intro\/un-passionne\/#primaryimage","url":"https:\/\/www.windowparis.fr\/wp-content\/uploads\/2022\/07\/image1.jpg","contentUrl":"https:\/\/www.windowparis.fr\/wp-content\/uploads\/2022\/07\/image1.jpg"},{"@type":"BreadcrumbList","@id":"https:\/\/www.windowparis.fr\/intro\/un-passionne\/#breadcrumb","itemListElement":[{"@type":"ListItem","position":1,"name":"Accueil","item":"https:\/\/www.windowparis.fr\/en\/"},{"@type":"ListItem","position":2,"name":"Intro","item":"https:\/\/www.windowparis.fr\/intro\/"},{"@type":"ListItem","position":3,"name":"Profile"}]},{"@type":"WebSite","@id":"https:\/\/www.windowparis.fr\/#website","url":"https:\/\/www.windowparis.fr\/","name":"Window Paris","description":"Des rideaux sur mesure fabriqu\u00e9s en France","publisher":{"@id":"https:\/\/www.windowparis.fr\/#organization"},"potentialAction":[{"@type":"SearchAction","target":{"@type":"EntryPoint","urlTemplate":"https:\/\/www.windowparis.fr\/?s={search_term_string}"},"query-input":{"@type":"PropertyValueSpecification","valueRequired":true,"valueName":"search_term_string"}}],"inLanguage":"en-US"},{"@type":"Organization","@id":"https:\/\/www.windowparis.fr\/#organization","name":"Window Paris","url":"https:\/\/www.windowparis.fr\/","logo":{"@type":"ImageObject","inLanguage":"en-US","@id":"https:\/\/www.windowparis.fr\/#\/schema\/logo\/image\/","url":"https:\/\/www.windowparis.fr\/wp-content\/uploads\/2022\/07\/logo.svg","contentUrl":"https:\/\/www.windowparis.fr\/wp-content\/uploads\/2022\/07\/logo.svg","width":322,"height":71,"caption":"Window Paris"},"image":{"@id":"https:\/\/www.windowparis.fr\/#\/schema\/logo\/image\/"},"sameAs":["https:\/\/www.facebook.com\/WINDOW-100892739154156\/"]}]}},"_links":{"self":[{"href":"https:\/\/www.windowparis.fr\/en\/wp-json\/wp\/v2\/pages\/234","targetHints":{"allow":["GET"]}}],"collection":[{"href":"https:\/\/www.windowparis.fr\/en\/wp-json\/wp\/v2\/pages"}],"about":[{"href":"https:\/\/www.windowparis.fr\/en\/wp-json\/wp\/v2\/types\/page"}],"author":[{"embeddable":true,"href":"https:\/\/www.windowparis.fr\/en\/wp-json\/wp\/v2\/users\/1"}],"replies":[{"embeddable":true,"href":"https:\/\/www.windowparis.fr\/en\/wp-json\/wp\/v2\/comments?post=234"}],"version-history":[{"count":98,"href":"https:\/\/www.windowparis.fr\/en\/wp-json\/wp\/v2\/pages\/234\/revisions"}],"predecessor-version":[{"id":2332,"href":"https:\/\/www.windowparis.fr\/en\/wp-json\/wp\/v2\/pages\/234\/revisions\/2332"}],"up":[{"embeddable":true,"href":"https:\/\/www.windowparis.fr\/en\/wp-json\/wp\/v2\/pages\/157"}],"wp:attachment":[{"href":"https:\/\/www.windowparis.fr\/en\/wp-json\/wp\/v2\/media?parent=234"}],"curies":[{"name":"wp","href":"https:\/\/api.w.org\/{rel}","templated":true}]}}