{"id":1811,"date":"2022-08-02T15:32:46","date_gmt":"2022-08-02T13:32:46","guid":{"rendered":"https:\/\/www.windowparis.fr\/cookies-policy\/"},"modified":"2022-10-08T11:17:20","modified_gmt":"2022-10-08T09:17:20","slug":"cookies-policy","status":"publish","type":"page","link":"https:\/\/www.windowparis.fr\/en\/cookies-policy\/","title":{"rendered":"Cookies policy"},"content":{"rendered":"\t\t<div data-elementor-type=\"wp-page\" data-elementor-id=\"1811\" class=\"elementor elementor-1811 elementor-794\" data-elementor-post-type=\"page\">\n\t\t\t\t\t\t<section class=\"elementor-section elementor-top-section elementor-element elementor-element-506ef67e elementor-section-full_width elementor-section-content-top elementor-section-height-default elementor-section-height-default\" data-id=\"506ef67e\" data-element_type=\"section\" data-e-type=\"section\" id=\"main_content_wrapper\">\n\t\t\t\t\t\t<div class=\"elementor-container elementor-column-gap-default\">\n\t\t\t\t\t<div class=\"elementor-column elementor-col-50 elementor-top-column elementor-element elementor-element-13b7137\" data-id=\"13b7137\" data-element_type=\"column\" data-e-type=\"column\">\n\t\t\t<div class=\"elementor-widget-wrap elementor-element-populated\">\n\t\t\t\t\t\t<div class=\"elementor-element elementor-element-7ff9b2ac elementor-widget elementor-widget-image\" data-id=\"7ff9b2ac\" data-element_type=\"widget\" data-e-type=\"widget\" data-widget_type=\"image.default\">\n\t\t\t\t<div class=\"elementor-widget-container\">\n\t\t\t\t\t\t\t\t\t\t\t\t\t\t\t<img fetchpriority=\"high\" decoding=\"async\" width=\"962\" height=\"670\" src=\"https:\/\/www.windowparis.fr\/wp-content\/uploads\/2022\/08\/intro.jpg\" class=\"attachment-full size-full wp-image-455\" alt=\"WINDOW Made to Measure curtains in front of the Louvre Pyramid\" srcset=\"https:\/\/www.windowparis.fr\/wp-content\/uploads\/2022\/08\/intro.jpg 962w, https:\/\/www.windowparis.fr\/wp-content\/uploads\/2022\/08\/intro-300x209.jpg 300w, https:\/\/www.windowparis.fr\/wp-content\/uploads\/2022\/08\/intro-768x535.jpg 768w, https:\/\/www.windowparis.fr\/wp-content\/uploads\/2022\/08\/intro-24x17.jpg 24w, https:\/\/www.windowparis.fr\/wp-content\/uploads\/2022\/08\/intro-36x25.jpg 36w, https:\/\/www.windowparis.fr\/wp-content\/uploads\/2022\/08\/intro-48x33.jpg 48w\" sizes=\"(max-width: 962px) 100vw, 962px\" \/>\t\t\t\t\t\t\t\t\t\t\t\t\t\t\t<\/div>\n\t\t\t\t<\/div>\n\t\t\t\t\t<\/div>\n\t\t<\/div>\n\t\t\t\t<div class=\"elementor-column elementor-col-50 elementor-top-column elementor-element elementor-element-21eaf518\" data-id=\"21eaf518\" data-element_type=\"column\" data-e-type=\"column\">\n\t\t\t<div class=\"elementor-widget-wrap elementor-element-populated\">\n\t\t\t\t\t\t<div class=\"elementor-element elementor-element-4e3e7973 elementor-widget elementor-widget-heading\" data-id=\"4e3e7973\" data-element_type=\"widget\" data-e-type=\"widget\" data-widget_type=\"heading.default\">\n\t\t\t\t<div class=\"elementor-widget-container\">\n\t\t\t\t\t<h1 class=\"elementor-heading-title elementor-size-default\">Cookies policy<\/h1>\t\t\t\t<\/div>\n\t\t\t\t<\/div>\n\t\t\t\t<div class=\"elementor-element elementor-element-725338b1 mentions_legales elementor-widget elementor-widget-text-editor\" data-id=\"725338b1\" data-element_type=\"widget\" data-e-type=\"widget\" data-widget_type=\"text-editor.default\">\n\t\t\t\t<div class=\"elementor-widget-container\">\n\t\t\t\t\t\t\t\t\t<p align=\"justify\"><span dir=\"ltr\">Particuli\u00e8rement attentif \u00e0 vos attentes, Window Paris, responsable de traitement, entend vous informer de mani\u00e8re claire et compl\u00e8te sur sa politique en mati\u00e8re de d\u00e9p\u00f4t et d\u2019utilisation des cookies. La pr\u00e9sente politique de cookies est applicable lors de la consultation du site Window Paris,. Cette politique a pour objet de vous permettre de mieux comprendre le fonctionnement, l\u2019utilit\u00e9, et la gestion des cookies sous r\u00e9serve des choix que vous aurez exprim\u00e9s<\/span><\/p>\r\n\r\n<h2 align=\"justify\"><span dir=\"ltr\">Qu\u2019est-ce qu\u2019un cookie ?<\/span><\/h2>\r\nUn\u00a0 cookie ou\u00a0 t\u00e9moin de\u00a0 connexion,\u00a0 est une\u00a0 suite\u00a0 d\u2019informations, g\u00e9n\u00e9ralement de petite taille et identifi\u00e9 par un nom, qui peut \u00eatre transmis \u00e0 votre navigateur par un site web sur lequel vous vous connectez. Votre navigateur Web le conservera pendant une\u00a0 certaine\u00a0 dur\u00e9e,\u00a0 et\u00a0 le\u00a0 renverra\u00a0 au\u00a0 serveur\u00a0 Web\u00a0 chaque\u00a0 fois\u00a0 que\u00a0 vous\u00a0 vous-y reconnectez. Les cookies ont de multiples usages : permettre \u00e0 son \u00e9metteur, pendant sa\u00a0 dur\u00e9e\u00a0 de\u00a0 validit\u00e9,\u00a0 de\u00a0 reconna\u00eetre\u00a0 le\u00a0 terminal\u00a0 concern\u00e9\u00a0 (ordinateur,\u00a0 tablette, Smartphone,\u00a0 etc.)\u00a0 \u00e0\u00a0 chaque\u00a0 fois\u00a0 que\u00a0 ce\u00a0 terminal\u00a0 acc\u00e8de\u00a0 \u00e0\u00a0 un\u00a0 contenu\u00a0 num\u00e9rique comportant des cookies du m\u00eame \u00e9metteur ; enregistrer des informations relatives \u00e0 la navigation de votre ordinateur sur notre site (les pages que vous avez consult\u00e9es, la date et l\u2019heure de la consultation, etc\u2026) que nous pourrons lire lors de vos visites ult\u00e9rieures ;\u00a0\u00a0 m\u00e9moriser\u00a0\u00a0 le\u00a0\u00a0 contenu\u00a0\u00a0 courant\u00a0\u00a0 de\u00a0\u00a0 votre\u00a0\u00a0 panier\u00a0\u00a0 d\u2019achat\u00a0\u00a0 ou\u00a0\u00a0 d\u2019un identifiant ; s\u00e9curiser votre connexion et adapter le contenu de la page \u00e0 vos centres d\u2019int\u00e9r\u00eats ; faciliter la navigation et am\u00e9liorer la convivialit\u00e9 du site internet.\r\n<h2><span dir=\"ltr\">Emetteur des cookies<\/span><\/h2>\r\nLes cookies plac\u00e9s sur votre terminal depuis nos sites sont d\u00e9pos\u00e9s par Window Paris, ou par des tiers. Seul l\u2019\u00e9metteur d\u2019un cookie a la possibilit\u00e9 de lire les informations qui y sont contenues. L\u2019\u00e9mission et l\u2019utilisation de cookies par des tiers, sont\u00a0\u00a0 soumises\u00a0\u00a0 aux\u00a0\u00a0 politiques\u00a0\u00a0 de\u00a0\u00a0 protection\u00a0\u00a0 de\u00a0\u00a0 la\u00a0\u00a0 vie\u00a0\u00a0 priv\u00e9e\u00a0\u00a0 de\u00a0\u00a0 ces\u00a0\u00a0 tiers. Window Paris, vous informe de l\u2019objet des cookies dont il a connaissance et des moyens dont vous disposez pour effectuer des choix \u00e0 l\u2019\u00e9gard de ces cookies. Pour plus d\u2019informations concernant les traitements par ces tiers, vous pouvez vous reporter \u00e0 leur politique de confidentialit\u00e9.\r\n\r\nGoogle :\u00a0<a href=\"https:\/\/policies.google.com\/privacy?hl=Fr\" target=\"_blank\" rel=\"noopener\">https:\/\/policies.google.com\/privacy?hl=Fr<\/a>\r\nFacebook :\u00a0<a href=\"https:\/\/fr-fr.facebook.com\/policies\/cookies\/\" target=\"_blank\" rel=\"noopener\">https:\/\/fr-fr.facebook.com\/policies\/cookies\/<\/a>\r\nLinkedIn :\u00a0<a href=\"https:\/\/fr.linkedin.com\/legal\/privacy-policy\" target=\"_blank\" rel=\"noopener\">https:\/\/fr.linkedin.com\/legal\/privacy-policy<\/a>\r\n<h2 align=\"justify\"><span dir=\"ltr\">Typologie et finalit\u00e9s des cookies d\u00e9pos\u00e9s<\/span><\/h2>\r\n<p align=\"justify\">Plusieurs types de cookies sont susceptibles d\u2019\u00eatre utilis\u00e9s :<\/p>\r\n\r\n<ul>\r\n \t<li>Les\u00a0 cookies\u00a0 strictement\u00a0 n\u00e9cessaires\u00a0 \u00e0\u00a0 la\u00a0 navigation sur\u00a0 le\u00a0 site\u00a0 et\u00a0 devant garantir\u00a0 son\u00a0 bon\u00a0 fonctionnement\u00a0 permettent\u00a0 d\u2019activer\u00a0 les\u00a0 fonctionnalit\u00e9s de base. Le site web ne peut pas fonctionner correctement sans ces cookies, et ils ne peuvent \u00eatre d\u00e9sactiv\u00e9s qu\u2019en modifiant les pr\u00e9f\u00e9rences de votre navigateur ;<\/li>\r\n \t<li>Les cookies de mesure d\u2019audience ou analytiques qui permettent d\u2019\u00e9tablir des statistiques de fr\u00e9quentations. Ils collectent des informations qui sont utilis\u00e9es sous forme agr\u00e9g\u00e9e pour nous aider \u00e0 comprendre comment notre site web est utilis\u00e9. Cela nous aide \u00e0 am\u00e9liorer votre exp\u00e9rience utilisateur et celle d\u2019autres personnes sur le site. En les d\u00e9sactivant, nous ne serons pas en mesure d\u2019apprendre ce que vous aimez ou n\u2019aimez pas sur notre site web afin de pouvoir l\u2019am\u00e9liorer ;<\/li>\r\n \t<li>Les\u00a0 cookies\u00a0 publicitaires\u00a0 qui\u00a0 permettent\u00a0 de\u00a0 fournir des\u00a0 offres\u00a0 en\u00a0 rapport aux centres d\u2019int\u00e9r\u00eat des internautes et proposer des publicit\u00e9s pertinentes ; Nous sommes amen\u00e9s \u00e0 effectuer des achats de mots-cl\u00e9s sur des moteurs de recherche. Des cookies sont alors susceptibles d\u2019\u00eatre d\u00e9pos\u00e9s dans vos logiciels de navigation pour proposer une publicit\u00e9 adapt\u00e9e \u00e0 l\u2019internaute. En les d\u00e9sactivant, les publicit\u00e9s affich\u00e9es seront moins cibl\u00e9es ;<\/li>\r\n \t<li>Les cookies \u00ab r\u00e9seaux sociaux \u00bb qui sont d\u00e9pos\u00e9s via les boutons r\u00e9seaux sociaux ont pour finalit\u00e9 de permettre aux utilisateurs du site de faciliter le partage de contenu et d\u2019am\u00e9liorer la convivialit\u00e9. Via ces cookies, ces tiers collecteront et utiliseront \u00e9galement vos donn\u00e9es de navigation pour leur propre\u00a0 compte\u00a0 afin\u00a0 de\u00a0 proposer\u00a0 de\u00a0 la\u00a0 publicit\u00e9\u00a0 cibl\u00e9e\u00a0 et\u00a0 des\u00a0 contenus\u00a0 en fonction de votre historique de navigation.<\/li>\r\n<\/ul>\r\nVous trouverez ci-dessous la liste des cookies utilis\u00e9s :\r\n\r\n&nbsp;\r\n<table border=\"1\" cellspacing=\"0\" cellpadding=\"5\">\r\n<thead>\r\n<tr>\r\n<th>Nom du Cookie<\/th>\r\n<th>Description du cookie<\/th>\r\n<th>Moment de la cr\u00e9ation du Cookie<\/th>\r\n<th>Source<\/th>\r\n<th>Dur\u00e9e de conservation du cookie<\/th>\r\n<th>Service<\/th>\r\n<th>Cat\u00e9gorie du cookie<\/th>\r\n<\/tr>\r\n<\/thead>\r\n<tbody>\r\n<tr>\r\n<td><strong>_gid<\/strong><\/td>\r\n<td>Enregistrement et suivi des visites de la page<\/td>\r\n<td>Au d\u00e9but de la session<\/td>\r\n<td>Cookie tiers<\/td>\r\n<td>24 heures<\/td>\r\n<td>Google Analytics<\/td>\r\n<td>Analytique<\/td>\r\n<\/tr>\r\n<tr>\r\n<td><strong>_ga<\/strong><\/td>\r\n<td>Enregistrement et suivi des visites de la page<\/td>\r\n<td>Au d\u00e9but de la session<\/td>\r\n<td>Cookie tiers<\/td>\r\n<td>2 ans<\/td>\r\n<td>Google Analytics<\/td>\r\n<td>Analytique<\/td>\r\n<\/tr>\r\n<\/tbody>\r\n<\/table>\r\n<h2 align=\"justify\"><\/h2>\r\n<h2 align=\"justify\">La gestion des cookies<\/h2>\r\nVous disposez de plusieurs possibilit\u00e9s pour g\u00e9rer les cookies.\r\n\r\nLors de votre premi\u00e8re session sur notre site, un bandeau d\u2019information apparaitra sur la page d\u2019accueil. Vous \u00eates invit\u00e9 \u00e0 accepter, refuser express\u00e9ment l\u2019utilisation des\u00a0 cookies\u00a0 pour\u00a0 lesquels\u00a0 votre\u00a0 consentement\u00a0 est\u00a0 n\u00e9cessaire\u00a0 ou\u00a0 personnaliser\u00a0 vos choix.\r\n\r\nVous pouvez \u00e9galement, \u00e0 tout moment, choisir de modifier vos choix depuis le lien propos\u00e9 en bas de page de notre site \u00ab param\u00e9trer les traceurs et cookies \u00bb.\r\n\r\nSachez\u00a0 cependant\u00a0 que\u00a0 bloquer\u00a0 certains\u00a0 types\u00a0 de\u00a0 cookies\u00a0 peut\u00a0 influencer\u00a0 votre exp\u00e9rience sur le site et les services que nous vous proposons.\r\n\r\nVous pouvez aussi configurer votre logiciel de navigation de mani\u00e8re \u00e0 ce que les cookies soient rejet\u00e9s. La configuration de chaque navigateur est diff\u00e9rente.\r\n\r\nElle est d\u00e9crite dans le menu d\u2019aide du navigateur, qui permettra de savoir de quelle mani\u00e8re modifier vos souhaits en mati\u00e8re de cookies :\r\n\r\nPour\u00a0<a href=\"https:\/\/support.microsoft.com\/fr-fr\/topic\/supprimer-et-g%C3%A9rer-les-cookies-168dab11-0753-043d-7c16-ede5947fc64d\" target=\"_blank\" rel=\"noopener\">Internet Explorer\u2122<\/a>\r\nPour\u00a0<a href=\"http:\/\/docs.info.apple.com\/article.html?path=Safari\/3.0\/fr\/9277.html\" target=\"_blank\" rel=\"noopener\">Safari\u2122<\/a>\r\nPour\u00a0<a href=\"http:\/\/support.google.com\/chrome\/bin\/answer.py?hl=fr&amp;hlrm=en&amp;answer=95647\" target=\"_blank\" rel=\"noopener\">Chrome\u2122<\/a>\r\nPour\u00a0<a href=\"https:\/\/support.mozilla.org\/fr\/kb\/protection-renforcee-contre-pistage-firefox-ordinateur?redirectslug=Activer+et+d%C3%A9sactiver+les+cookies&amp;redirectlocale=fr\" target=\"_blank\" rel=\"noopener\">Firefox\u2122<\/a>\r\nPour\u00a0<a href=\"https:\/\/help.opera.com\/en\/latest\/web-preferences\/#cookies\" target=\"_blank\" rel=\"noopener\">Opera\u2122<\/a>\t\t\t\t\t\t\t\t<\/div>\n\t\t\t\t<\/div>\n\t\t\t\t\t<\/div>\n\t\t<\/div>\n\t\t\t\t\t<\/div>\n\t\t<\/section>\n\t\t\t\t<\/div>\n\t\t","protected":false},"excerpt":{"rendered":"<p>Particuli\u00e8rement attentif \u00e0 vos attentes, Window Paris, responsable de traitement, entend vous informer de mani\u00e8re claire et compl\u00e8te sur sa politique en mati\u00e8re de d\u00e9p\u00f4t et d\u2019utilisation des cookies. La pr\u00e9sente politique de cookies est applicable lors de la consultation du site Window Paris,. Cette politique a pour objet de vous permettre de mieux comprendre [&hellip;]<\/p>\n","protected":false},"author":1,"featured_media":0,"parent":0,"menu_order":99,"comment_status":"closed","ping_status":"closed","template":"","meta":{"_acf_changed":false,"footnotes":""},"class_list":["post-1811","page","type-page","status-publish","hentry"],"acf":[],"yoast_head":"<!-- This site is optimized with the Yoast SEO plugin v27.6 - https:\/\/yoast.com\/product\/yoast-seo-wordpress\/ -->\n<title>Cookies policy - Window Paris<\/title>\n<meta name=\"description\" content=\"The cookie is a small file that is sent by a website to your computer and that contains information about how you use the site\" \/>\n<meta name=\"robots\" content=\"noindex, follow\" \/>\n<meta property=\"og:locale\" content=\"en_US\" \/>\n<meta property=\"og:type\" content=\"article\" \/>\n<meta property=\"og:title\" content=\"WINDOW, Made to Measure curtains\" \/>\n<meta property=\"og:description\" content=\"The cookie is a small file that is sent by a website to your computer and that contains information about how you use the site\" \/>\n<meta property=\"og:url\" content=\"https:\/\/www.windowparis.fr\/en\/cookies-policy\/\" \/>\n<meta property=\"og:site_name\" content=\"Window Paris\" \/>\n<meta property=\"article:publisher\" content=\"https:\/\/www.facebook.com\/WINDOW-100892739154156\/\" \/>\n<meta property=\"article:modified_time\" content=\"2022-10-08T09:17:20+00:00\" \/>\n<meta property=\"og:image\" content=\"https:\/\/www.windowparis.fr\/wp-content\/uploads\/2022\/07\/image2-1.jpg\" \/>\n\t<meta property=\"og:image:width\" content=\"225\" \/>\n\t<meta property=\"og:image:height\" content=\"280\" \/>\n\t<meta property=\"og:image:type\" content=\"image\/jpeg\" \/>\n<meta name=\"twitter:card\" content=\"summary_large_image\" \/>\n<meta name=\"twitter:title\" content=\"WINDOW, Made to Measure curtains\" \/>\n<meta name=\"twitter:description\" content=\"The cookie is a small file that is sent by a website to your computer and that contains information about how you use the site\" \/>\n<meta name=\"twitter:image\" content=\"https:\/\/www.windowparis.fr\/wp-content\/uploads\/2022\/07\/image2-1.jpg\" \/>\n<meta name=\"twitter:label1\" content=\"Est. reading time\" \/>\n\t<meta name=\"twitter:data1\" content=\"5 minutes\" \/>\n<script type=\"application\/ld+json\" class=\"yoast-schema-graph\">{\"@context\":\"https:\\\/\\\/schema.org\",\"@graph\":[{\"@type\":\"WebPage\",\"@id\":\"https:\\\/\\\/www.windowparis.fr\\\/en\\\/cookies-policy\\\/\",\"url\":\"https:\\\/\\\/www.windowparis.fr\\\/en\\\/cookies-policy\\\/\",\"name\":\"Cookies policy - Window Paris\",\"isPartOf\":{\"@id\":\"https:\\\/\\\/www.windowparis.fr\\\/#website\"},\"primaryImageOfPage\":{\"@id\":\"https:\\\/\\\/www.windowparis.fr\\\/en\\\/cookies-policy\\\/#primaryimage\"},\"image\":{\"@id\":\"https:\\\/\\\/www.windowparis.fr\\\/en\\\/cookies-policy\\\/#primaryimage\"},\"thumbnailUrl\":\"https:\\\/\\\/www.windowparis.fr\\\/wp-content\\\/uploads\\\/2022\\\/08\\\/intro.jpg\",\"datePublished\":\"2022-08-02T13:32:46+00:00\",\"dateModified\":\"2022-10-08T09:17:20+00:00\",\"description\":\"The cookie is a small file that is sent by a website to your computer and that contains information about how you use the site\",\"breadcrumb\":{\"@id\":\"https:\\\/\\\/www.windowparis.fr\\\/en\\\/cookies-policy\\\/#breadcrumb\"},\"inLanguage\":\"en-US\",\"potentialAction\":[{\"@type\":\"ReadAction\",\"target\":[\"https:\\\/\\\/www.windowparis.fr\\\/en\\\/cookies-policy\\\/\"]}]},{\"@type\":\"ImageObject\",\"inLanguage\":\"en-US\",\"@id\":\"https:\\\/\\\/www.windowparis.fr\\\/en\\\/cookies-policy\\\/#primaryimage\",\"url\":\"https:\\\/\\\/www.windowparis.fr\\\/wp-content\\\/uploads\\\/2022\\\/08\\\/intro.jpg\",\"contentUrl\":\"https:\\\/\\\/www.windowparis.fr\\\/wp-content\\\/uploads\\\/2022\\\/08\\\/intro.jpg\"},{\"@type\":\"BreadcrumbList\",\"@id\":\"https:\\\/\\\/www.windowparis.fr\\\/en\\\/cookies-policy\\\/#breadcrumb\",\"itemListElement\":[{\"@type\":\"ListItem\",\"position\":1,\"name\":\"Accueil\",\"item\":\"https:\\\/\\\/www.windowparis.fr\\\/en\\\/\"},{\"@type\":\"ListItem\",\"position\":2,\"name\":\"Cookies policy\"}]},{\"@type\":\"WebSite\",\"@id\":\"https:\\\/\\\/www.windowparis.fr\\\/#website\",\"url\":\"https:\\\/\\\/www.windowparis.fr\\\/\",\"name\":\"Window Paris\",\"description\":\"Des rideaux sur mesure fabriqu\u00e9s en France\",\"publisher\":{\"@id\":\"https:\\\/\\\/www.windowparis.fr\\\/#organization\"},\"potentialAction\":[{\"@type\":\"SearchAction\",\"target\":{\"@type\":\"EntryPoint\",\"urlTemplate\":\"https:\\\/\\\/www.windowparis.fr\\\/?s={search_term_string}\"},\"query-input\":{\"@type\":\"PropertyValueSpecification\",\"valueRequired\":true,\"valueName\":\"search_term_string\"}}],\"inLanguage\":\"en-US\"},{\"@type\":\"Organization\",\"@id\":\"https:\\\/\\\/www.windowparis.fr\\\/#organization\",\"name\":\"Window Paris\",\"url\":\"https:\\\/\\\/www.windowparis.fr\\\/\",\"logo\":{\"@type\":\"ImageObject\",\"inLanguage\":\"en-US\",\"@id\":\"https:\\\/\\\/www.windowparis.fr\\\/#\\\/schema\\\/logo\\\/image\\\/\",\"url\":\"https:\\\/\\\/www.windowparis.fr\\\/wp-content\\\/uploads\\\/2022\\\/07\\\/logo.svg\",\"contentUrl\":\"https:\\\/\\\/www.windowparis.fr\\\/wp-content\\\/uploads\\\/2022\\\/07\\\/logo.svg\",\"width\":322,\"height\":71,\"caption\":\"Window Paris\"},\"image\":{\"@id\":\"https:\\\/\\\/www.windowparis.fr\\\/#\\\/schema\\\/logo\\\/image\\\/\"},\"sameAs\":[\"https:\\\/\\\/www.facebook.com\\\/WINDOW-100892739154156\\\/\"]}]}<\/script>\n<!-- \/ Yoast SEO plugin. -->","yoast_head_json":{"title":"Cookies policy - Window Paris","description":"The cookie is a small file that is sent by a website to your computer and that contains information about how you use the site","robots":{"index":"noindex","follow":"follow"},"og_locale":"en_US","og_type":"article","og_title":"WINDOW, Made to Measure curtains","og_description":"The cookie is a small file that is sent by a website to your computer and that contains information about how you use the site","og_url":"https:\/\/www.windowparis.fr\/en\/cookies-policy\/","og_site_name":"Window Paris","article_publisher":"https:\/\/www.facebook.com\/WINDOW-100892739154156\/","article_modified_time":"2022-10-08T09:17:20+00:00","og_image":[{"width":225,"height":280,"url":"https:\/\/www.windowparis.fr\/wp-content\/uploads\/2022\/07\/image2-1.jpg","type":"image\/jpeg"}],"twitter_card":"summary_large_image","twitter_title":"WINDOW, Made to Measure curtains","twitter_description":"The cookie is a small file that is sent by a website to your computer and that contains information about how you use the site","twitter_image":"https:\/\/www.windowparis.fr\/wp-content\/uploads\/2022\/07\/image2-1.jpg","twitter_misc":{"Est. reading time":"5 minutes"},"schema":{"@context":"https:\/\/schema.org","@graph":[{"@type":"WebPage","@id":"https:\/\/www.windowparis.fr\/en\/cookies-policy\/","url":"https:\/\/www.windowparis.fr\/en\/cookies-policy\/","name":"Cookies policy - Window Paris","isPartOf":{"@id":"https:\/\/www.windowparis.fr\/#website"},"primaryImageOfPage":{"@id":"https:\/\/www.windowparis.fr\/en\/cookies-policy\/#primaryimage"},"image":{"@id":"https:\/\/www.windowparis.fr\/en\/cookies-policy\/#primaryimage"},"thumbnailUrl":"https:\/\/www.windowparis.fr\/wp-content\/uploads\/2022\/08\/intro.jpg","datePublished":"2022-08-02T13:32:46+00:00","dateModified":"2022-10-08T09:17:20+00:00","description":"The cookie is a small file that is sent by a website to your computer and that contains information about how you use the site","breadcrumb":{"@id":"https:\/\/www.windowparis.fr\/en\/cookies-policy\/#breadcrumb"},"inLanguage":"en-US","potentialAction":[{"@type":"ReadAction","target":["https:\/\/www.windowparis.fr\/en\/cookies-policy\/"]}]},{"@type":"ImageObject","inLanguage":"en-US","@id":"https:\/\/www.windowparis.fr\/en\/cookies-policy\/#primaryimage","url":"https:\/\/www.windowparis.fr\/wp-content\/uploads\/2022\/08\/intro.jpg","contentUrl":"https:\/\/www.windowparis.fr\/wp-content\/uploads\/2022\/08\/intro.jpg"},{"@type":"BreadcrumbList","@id":"https:\/\/www.windowparis.fr\/en\/cookies-policy\/#breadcrumb","itemListElement":[{"@type":"ListItem","position":1,"name":"Accueil","item":"https:\/\/www.windowparis.fr\/en\/"},{"@type":"ListItem","position":2,"name":"Cookies policy"}]},{"@type":"WebSite","@id":"https:\/\/www.windowparis.fr\/#website","url":"https:\/\/www.windowparis.fr\/","name":"Window Paris","description":"Des rideaux sur mesure fabriqu\u00e9s en France","publisher":{"@id":"https:\/\/www.windowparis.fr\/#organization"},"potentialAction":[{"@type":"SearchAction","target":{"@type":"EntryPoint","urlTemplate":"https:\/\/www.windowparis.fr\/?s={search_term_string}"},"query-input":{"@type":"PropertyValueSpecification","valueRequired":true,"valueName":"search_term_string"}}],"inLanguage":"en-US"},{"@type":"Organization","@id":"https:\/\/www.windowparis.fr\/#organization","name":"Window Paris","url":"https:\/\/www.windowparis.fr\/","logo":{"@type":"ImageObject","inLanguage":"en-US","@id":"https:\/\/www.windowparis.fr\/#\/schema\/logo\/image\/","url":"https:\/\/www.windowparis.fr\/wp-content\/uploads\/2022\/07\/logo.svg","contentUrl":"https:\/\/www.windowparis.fr\/wp-content\/uploads\/2022\/07\/logo.svg","width":322,"height":71,"caption":"Window Paris"},"image":{"@id":"https:\/\/www.windowparis.fr\/#\/schema\/logo\/image\/"},"sameAs":["https:\/\/www.facebook.com\/WINDOW-100892739154156\/"]}]}},"_links":{"self":[{"href":"https:\/\/www.windowparis.fr\/en\/wp-json\/wp\/v2\/pages\/1811","targetHints":{"allow":["GET"]}}],"collection":[{"href":"https:\/\/www.windowparis.fr\/en\/wp-json\/wp\/v2\/pages"}],"about":[{"href":"https:\/\/www.windowparis.fr\/en\/wp-json\/wp\/v2\/types\/page"}],"author":[{"embeddable":true,"href":"https:\/\/www.windowparis.fr\/en\/wp-json\/wp\/v2\/users\/1"}],"replies":[{"embeddable":true,"href":"https:\/\/www.windowparis.fr\/en\/wp-json\/wp\/v2\/comments?post=1811"}],"version-history":[{"count":4,"href":"https:\/\/www.windowparis.fr\/en\/wp-json\/wp\/v2\/pages\/1811\/revisions"}],"predecessor-version":[{"id":2345,"href":"https:\/\/www.windowparis.fr\/en\/wp-json\/wp\/v2\/pages\/1811\/revisions\/2345"}],"wp:attachment":[{"href":"https:\/\/www.windowparis.fr\/en\/wp-json\/wp\/v2\/media?parent=1811"}],"curies":[{"name":"wp","href":"https:\/\/api.w.org\/{rel}","templated":true}]}}