{"id":157,"date":"2022-07-28T17:04:50","date_gmt":"2022-07-28T15:04:50","guid":{"rendered":"https:\/\/www.windowparis.fr\/intro\/"},"modified":"2023-08-10T10:21:15","modified_gmt":"2023-08-10T08:21:15","slug":"intro","status":"publish","type":"page","link":"https:\/\/www.windowparis.fr\/en\/intro\/","title":{"rendered":"Intro"},"content":{"rendered":"\t\t<div data-elementor-type=\"wp-page\" data-elementor-id=\"157\" class=\"elementor elementor-157 elementor-46\" data-elementor-post-type=\"page\">\n\t\t\t\t\t\t<section class=\"elementor-section elementor-top-section elementor-element elementor-element-261f1be elementor-section-full_width elementor-section-content-middle elementor-section-height-default elementor-section-height-default\" data-id=\"261f1be\" data-element_type=\"section\" data-e-type=\"section\" id=\"title_wrapper\">\n\t\t\t\t\t\t<div class=\"elementor-container elementor-column-gap-no\">\n\t\t\t\t\t<div class=\"elementor-column elementor-col-50 elementor-top-column elementor-element elementor-element-13b6da86\" data-id=\"13b6da86\" data-element_type=\"column\" data-e-type=\"column\">\n\t\t\t<div class=\"elementor-widget-wrap elementor-element-populated\">\n\t\t\t\t\t\t<div class=\"elementor-element elementor-element-41c02fa6 elementor-widget elementor-widget-heading\" data-id=\"41c02fa6\" data-element_type=\"widget\" data-e-type=\"widget\" data-widget_type=\"heading.default\">\n\t\t\t\t<div class=\"elementor-widget-container\">\n\t\t\t\t\t<h1 class=\"elementor-heading-title elementor-size-default\">A personalized service to dress up your windows<\/h1>\t\t\t\t<\/div>\n\t\t\t\t<\/div>\n\t\t\t\t\t<\/div>\n\t\t<\/div>\n\t\t\t\t<div class=\"elementor-column elementor-col-50 elementor-top-column elementor-element elementor-element-8dd9237\" data-id=\"8dd9237\" data-element_type=\"column\" data-e-type=\"column\">\n\t\t\t<div class=\"elementor-widget-wrap\">\n\t\t\t\t\t\t\t<\/div>\n\t\t<\/div>\n\t\t\t\t\t<\/div>\n\t\t<\/section>\n\t\t\t\t<section class=\"elementor-section elementor-top-section elementor-element elementor-element-e93e678 elementor-section-full_width elementor-section-items-top elementor-section-content-top elementor-section-height-min-height elementor-section-height-default\" data-id=\"e93e678\" data-element_type=\"section\" data-e-type=\"section\" id=\"main_content_wrapper\">\n\t\t\t\t\t\t<div class=\"elementor-container elementor-column-gap-default\">\n\t\t\t\t\t<div class=\"elementor-column elementor-col-50 elementor-top-column elementor-element elementor-element-57a8d59\" data-id=\"57a8d59\" data-element_type=\"column\" data-e-type=\"column\">\n\t\t\t<div class=\"elementor-widget-wrap elementor-element-populated\">\n\t\t\t\t\t\t<div class=\"elementor-element elementor-element-025485f elementor-widget elementor-widget-image\" data-id=\"025485f\" data-element_type=\"widget\" data-e-type=\"widget\" data-widget_type=\"image.default\">\n\t\t\t\t<div class=\"elementor-widget-container\">\n\t\t\t\t\t\t\t\t\t\t\t\t\t\t\t<img fetchpriority=\"high\" decoding=\"async\" width=\"8688\" height=\"5797\" src=\"https:\/\/www.windowparis.fr\/wp-content\/uploads\/2022\/10\/WINDOW-par-Vincent-Gapaillard-au-Louvre-1.jpg\" class=\"attachment-full size-full wp-image-2497\" alt=\"\" srcset=\"https:\/\/www.windowparis.fr\/wp-content\/uploads\/2022\/10\/WINDOW-par-Vincent-Gapaillard-au-Louvre-1.jpg 8688w, https:\/\/www.windowparis.fr\/wp-content\/uploads\/2022\/10\/WINDOW-par-Vincent-Gapaillard-au-Louvre-1-300x200.jpg 300w, https:\/\/www.windowparis.fr\/wp-content\/uploads\/2022\/10\/WINDOW-par-Vincent-Gapaillard-au-Louvre-1-1024x683.jpg 1024w, https:\/\/www.windowparis.fr\/wp-content\/uploads\/2022\/10\/WINDOW-par-Vincent-Gapaillard-au-Louvre-1-768x512.jpg 768w, https:\/\/www.windowparis.fr\/wp-content\/uploads\/2022\/10\/WINDOW-par-Vincent-Gapaillard-au-Louvre-1-24x16.jpg 24w, https:\/\/www.windowparis.fr\/wp-content\/uploads\/2022\/10\/WINDOW-par-Vincent-Gapaillard-au-Louvre-1-36x24.jpg 36w, https:\/\/www.windowparis.fr\/wp-content\/uploads\/2022\/10\/WINDOW-par-Vincent-Gapaillard-au-Louvre-1-48x32.jpg 48w\" sizes=\"(max-width: 8688px) 100vw, 8688px\" \/>\t\t\t\t\t\t\t\t\t\t\t\t\t\t\t<\/div>\n\t\t\t\t<\/div>\n\t\t\t\t\t<\/div>\n\t\t<\/div>\n\t\t\t\t<div class=\"elementor-column elementor-col-50 elementor-top-column elementor-element elementor-element-b1d1166\" data-id=\"b1d1166\" data-element_type=\"column\" data-e-type=\"column\">\n\t\t\t<div class=\"elementor-widget-wrap elementor-element-populated\">\n\t\t\t\t\t\t<div class=\"elementor-element elementor-element-5ce5a08 elementor-widget elementor-widget-text-editor\" data-id=\"5ce5a08\" data-element_type=\"widget\" data-e-type=\"widget\" data-widget_type=\"text-editor.default\">\n\t\t\t\t<div class=\"elementor-widget-container\">\n\t\t\t\t\t\t\t\t\t<p>Made with wool, cotton or linen woven by French craftspeople preserving exclusive savoir-faires, WINDOW curtains are made-to-measure in the Vosges region, historical area of quality home linen.<\/p>\n\t\t\t\t\t\t\t\t<\/div>\n\t\t\t\t<\/div>\n\t\t\t\t\t<\/div>\n\t\t<\/div>\n\t\t\t\t\t<\/div>\n\t\t<\/section>\n\t\t\t\t<\/div>\n\t\t","protected":false},"excerpt":{"rendered":"<p>A personalized service to dress up your windows<\/p>\n","protected":false},"author":1,"featured_media":0,"parent":0,"menu_order":1,"comment_status":"closed","ping_status":"closed","template":"","meta":{"_acf_changed":false,"footnotes":""},"class_list":["post-157","page","type-page","status-publish","hentry"],"acf":[],"yoast_head":"<!-- This site is optimized with the Yoast SEO plugin v27.6 - https:\/\/yoast.com\/product\/yoast-seo-wordpress\/ -->\n<title>Window Paris<\/title>\n<meta name=\"description\" content=\"Made-to-measure curtains, woven and crafted in France\" \/>\n<meta name=\"robots\" content=\"index, follow, max-snippet:-1, max-image-preview:large, max-video-preview:-1\" \/>\n<link rel=\"canonical\" href=\"https:\/\/www.windowparis.fr\/intro\/\" \/>\n<meta property=\"og:locale\" content=\"en_US\" \/>\n<meta property=\"og:type\" content=\"article\" \/>\n<meta property=\"og:title\" content=\"Window Paris\" \/>\n<meta property=\"og:description\" content=\"Made-to-measure curtains, woven and crafted in France\" \/>\n<meta property=\"og:url\" content=\"https:\/\/www.windowparis.fr\/intro\/\" \/>\n<meta property=\"og:site_name\" content=\"Window Paris\" \/>\n<meta property=\"article:publisher\" content=\"https:\/\/www.facebook.com\/WINDOW-100892739154156\/\" \/>\n<meta property=\"article:modified_time\" content=\"2023-08-10T08:21:15+00:00\" \/>\n<meta property=\"og:image\" content=\"https:\/\/www.windowparis.fr\/wp-content\/uploads\/2022\/10\/WINDOW-par-Vincent-Gapaillard-au-Louvre-1.jpg\" \/>\n<meta name=\"twitter:card\" content=\"summary_large_image\" \/>\n<meta name=\"twitter:title\" content=\"WINDOW, des rideaux sur-mesure\" \/>\n<meta name=\"twitter:description\" content=\"WINDOW est une marque fran\u00e7aise de rideaux sur-mesure tiss\u00e9s en France et fabriqu\u00e9s dans les Vosges, en lin, en laine ou en coton.\" \/>\n<meta name=\"twitter:label1\" content=\"Est. reading time\" \/>\n\t<meta name=\"twitter:data1\" content=\"1 minute\" \/>\n<script type=\"application\/ld+json\" class=\"yoast-schema-graph\">{\"@context\":\"https:\\\/\\\/schema.org\",\"@graph\":[{\"@type\":\"WebPage\",\"@id\":\"https:\\\/\\\/www.windowparis.fr\\\/intro\\\/\",\"url\":\"https:\\\/\\\/www.windowparis.fr\\\/intro\\\/\",\"name\":\"Window Paris\",\"isPartOf\":{\"@id\":\"https:\\\/\\\/www.windowparis.fr\\\/#website\"},\"primaryImageOfPage\":{\"@id\":\"https:\\\/\\\/www.windowparis.fr\\\/intro\\\/#primaryimage\"},\"image\":{\"@id\":\"https:\\\/\\\/www.windowparis.fr\\\/intro\\\/#primaryimage\"},\"thumbnailUrl\":\"https:\\\/\\\/www.windowparis.fr\\\/wp-content\\\/uploads\\\/2022\\\/10\\\/WINDOW-par-Vincent-Gapaillard-au-Louvre-1.jpg\",\"datePublished\":\"2022-07-28T15:04:50+00:00\",\"dateModified\":\"2023-08-10T08:21:15+00:00\",\"description\":\"Made-to-measure curtains, woven and crafted in France\",\"breadcrumb\":{\"@id\":\"https:\\\/\\\/www.windowparis.fr\\\/intro\\\/#breadcrumb\"},\"inLanguage\":\"en-US\",\"potentialAction\":[{\"@type\":\"ReadAction\",\"target\":[\"https:\\\/\\\/www.windowparis.fr\\\/intro\\\/\"]}]},{\"@type\":\"ImageObject\",\"inLanguage\":\"en-US\",\"@id\":\"https:\\\/\\\/www.windowparis.fr\\\/intro\\\/#primaryimage\",\"url\":\"https:\\\/\\\/www.windowparis.fr\\\/wp-content\\\/uploads\\\/2022\\\/10\\\/WINDOW-par-Vincent-Gapaillard-au-Louvre-1.jpg\",\"contentUrl\":\"https:\\\/\\\/www.windowparis.fr\\\/wp-content\\\/uploads\\\/2022\\\/10\\\/WINDOW-par-Vincent-Gapaillard-au-Louvre-1.jpg\"},{\"@type\":\"BreadcrumbList\",\"@id\":\"https:\\\/\\\/www.windowparis.fr\\\/intro\\\/#breadcrumb\",\"itemListElement\":[{\"@type\":\"ListItem\",\"position\":1,\"name\":\"Accueil\",\"item\":\"https:\\\/\\\/www.windowparis.fr\\\/en\\\/\"},{\"@type\":\"ListItem\",\"position\":2,\"name\":\"Intro\"}]},{\"@type\":\"WebSite\",\"@id\":\"https:\\\/\\\/www.windowparis.fr\\\/#website\",\"url\":\"https:\\\/\\\/www.windowparis.fr\\\/\",\"name\":\"Window Paris\",\"description\":\"Des rideaux sur mesure fabriqu\u00e9s en France\",\"publisher\":{\"@id\":\"https:\\\/\\\/www.windowparis.fr\\\/#organization\"},\"potentialAction\":[{\"@type\":\"SearchAction\",\"target\":{\"@type\":\"EntryPoint\",\"urlTemplate\":\"https:\\\/\\\/www.windowparis.fr\\\/?s={search_term_string}\"},\"query-input\":{\"@type\":\"PropertyValueSpecification\",\"valueRequired\":true,\"valueName\":\"search_term_string\"}}],\"inLanguage\":\"en-US\"},{\"@type\":\"Organization\",\"@id\":\"https:\\\/\\\/www.windowparis.fr\\\/#organization\",\"name\":\"Window Paris\",\"url\":\"https:\\\/\\\/www.windowparis.fr\\\/\",\"logo\":{\"@type\":\"ImageObject\",\"inLanguage\":\"en-US\",\"@id\":\"https:\\\/\\\/www.windowparis.fr\\\/#\\\/schema\\\/logo\\\/image\\\/\",\"url\":\"https:\\\/\\\/www.windowparis.fr\\\/wp-content\\\/uploads\\\/2022\\\/07\\\/logo.svg\",\"contentUrl\":\"https:\\\/\\\/www.windowparis.fr\\\/wp-content\\\/uploads\\\/2022\\\/07\\\/logo.svg\",\"width\":322,\"height\":71,\"caption\":\"Window Paris\"},\"image\":{\"@id\":\"https:\\\/\\\/www.windowparis.fr\\\/#\\\/schema\\\/logo\\\/image\\\/\"},\"sameAs\":[\"https:\\\/\\\/www.facebook.com\\\/WINDOW-100892739154156\\\/\"]}]}<\/script>\n<!-- \/ Yoast SEO plugin. -->","yoast_head_json":{"title":"Window Paris","description":"Made-to-measure curtains, woven and crafted in France","robots":{"index":"index","follow":"follow","max-snippet":"max-snippet:-1","max-image-preview":"max-image-preview:large","max-video-preview":"max-video-preview:-1"},"canonical":"https:\/\/www.windowparis.fr\/intro\/","og_locale":"en_US","og_type":"article","og_title":"Window Paris","og_description":"Made-to-measure curtains, woven and crafted in France","og_url":"https:\/\/www.windowparis.fr\/intro\/","og_site_name":"Window Paris","article_publisher":"https:\/\/www.facebook.com\/WINDOW-100892739154156\/","article_modified_time":"2023-08-10T08:21:15+00:00","og_image":[{"url":"https:\/\/www.windowparis.fr\/wp-content\/uploads\/2022\/10\/WINDOW-par-Vincent-Gapaillard-au-Louvre-1.jpg","type":"","width":"","height":""}],"twitter_card":"summary_large_image","twitter_title":"WINDOW, des rideaux sur-mesure","twitter_description":"WINDOW est une marque fran\u00e7aise de rideaux sur-mesure tiss\u00e9s en France et fabriqu\u00e9s dans les Vosges, en lin, en laine ou en coton.","twitter_misc":{"Est. reading time":"1 minute"},"schema":{"@context":"https:\/\/schema.org","@graph":[{"@type":"WebPage","@id":"https:\/\/www.windowparis.fr\/intro\/","url":"https:\/\/www.windowparis.fr\/intro\/","name":"Window Paris","isPartOf":{"@id":"https:\/\/www.windowparis.fr\/#website"},"primaryImageOfPage":{"@id":"https:\/\/www.windowparis.fr\/intro\/#primaryimage"},"image":{"@id":"https:\/\/www.windowparis.fr\/intro\/#primaryimage"},"thumbnailUrl":"https:\/\/www.windowparis.fr\/wp-content\/uploads\/2022\/10\/WINDOW-par-Vincent-Gapaillard-au-Louvre-1.jpg","datePublished":"2022-07-28T15:04:50+00:00","dateModified":"2023-08-10T08:21:15+00:00","description":"Made-to-measure curtains, woven and crafted in France","breadcrumb":{"@id":"https:\/\/www.windowparis.fr\/intro\/#breadcrumb"},"inLanguage":"en-US","potentialAction":[{"@type":"ReadAction","target":["https:\/\/www.windowparis.fr\/intro\/"]}]},{"@type":"ImageObject","inLanguage":"en-US","@id":"https:\/\/www.windowparis.fr\/intro\/#primaryimage","url":"https:\/\/www.windowparis.fr\/wp-content\/uploads\/2022\/10\/WINDOW-par-Vincent-Gapaillard-au-Louvre-1.jpg","contentUrl":"https:\/\/www.windowparis.fr\/wp-content\/uploads\/2022\/10\/WINDOW-par-Vincent-Gapaillard-au-Louvre-1.jpg"},{"@type":"BreadcrumbList","@id":"https:\/\/www.windowparis.fr\/intro\/#breadcrumb","itemListElement":[{"@type":"ListItem","position":1,"name":"Accueil","item":"https:\/\/www.windowparis.fr\/en\/"},{"@type":"ListItem","position":2,"name":"Intro"}]},{"@type":"WebSite","@id":"https:\/\/www.windowparis.fr\/#website","url":"https:\/\/www.windowparis.fr\/","name":"Window Paris","description":"Des rideaux sur mesure fabriqu\u00e9s en France","publisher":{"@id":"https:\/\/www.windowparis.fr\/#organization"},"potentialAction":[{"@type":"SearchAction","target":{"@type":"EntryPoint","urlTemplate":"https:\/\/www.windowparis.fr\/?s={search_term_string}"},"query-input":{"@type":"PropertyValueSpecification","valueRequired":true,"valueName":"search_term_string"}}],"inLanguage":"en-US"},{"@type":"Organization","@id":"https:\/\/www.windowparis.fr\/#organization","name":"Window Paris","url":"https:\/\/www.windowparis.fr\/","logo":{"@type":"ImageObject","inLanguage":"en-US","@id":"https:\/\/www.windowparis.fr\/#\/schema\/logo\/image\/","url":"https:\/\/www.windowparis.fr\/wp-content\/uploads\/2022\/07\/logo.svg","contentUrl":"https:\/\/www.windowparis.fr\/wp-content\/uploads\/2022\/07\/logo.svg","width":322,"height":71,"caption":"Window Paris"},"image":{"@id":"https:\/\/www.windowparis.fr\/#\/schema\/logo\/image\/"},"sameAs":["https:\/\/www.facebook.com\/WINDOW-100892739154156\/"]}]}},"_links":{"self":[{"href":"https:\/\/www.windowparis.fr\/en\/wp-json\/wp\/v2\/pages\/157","targetHints":{"allow":["GET"]}}],"collection":[{"href":"https:\/\/www.windowparis.fr\/en\/wp-json\/wp\/v2\/pages"}],"about":[{"href":"https:\/\/www.windowparis.fr\/en\/wp-json\/wp\/v2\/types\/page"}],"author":[{"embeddable":true,"href":"https:\/\/www.windowparis.fr\/en\/wp-json\/wp\/v2\/users\/1"}],"replies":[{"embeddable":true,"href":"https:\/\/www.windowparis.fr\/en\/wp-json\/wp\/v2\/comments?post=157"}],"version-history":[{"count":7,"href":"https:\/\/www.windowparis.fr\/en\/wp-json\/wp\/v2\/pages\/157\/revisions"}],"predecessor-version":[{"id":3295,"href":"https:\/\/www.windowparis.fr\/en\/wp-json\/wp\/v2\/pages\/157\/revisions\/3295"}],"wp:attachment":[{"href":"https:\/\/www.windowparis.fr\/en\/wp-json\/wp\/v2\/media?parent=157"}],"curies":[{"name":"wp","href":"https:\/\/api.w.org\/{rel}","templated":true}]}}